{"id":6491,"date":"2026-01-14T11:22:50","date_gmt":"2026-01-14T10:22:50","guid":{"rendered":"https:\/\/mairieyaounde2.cm\/?page_id=6491"},"modified":"2026-01-14T11:44:55","modified_gmt":"2026-01-14T10:44:55","slug":"executif-municipal","status":"publish","type":"page","link":"https:\/\/mairieyaounde2.cm\/?page_id=6491","title":{"rendered":"Ex\u00e9cutif Municipal"},"content":{"rendered":"\t\t<div data-elementor-type=\"wp-page\" data-elementor-id=\"6491\" class=\"elementor elementor-6491\">\n\t\t\t\t\t\t<section class=\"elementor-section elementor-top-section elementor-element elementor-element-58a86eb elementor-section-boxed elementor-section-height-default elementor-section-height-default\" data-id=\"58a86eb\" data-element_type=\"section\">\n\t\t\t\t\t\t<div class=\"elementor-container elementor-column-gap-default\">\n\t\t\t\t\t<div class=\"elementor-column elementor-col-50 elementor-top-column elementor-element elementor-element-85356d1\" data-id=\"85356d1\" data-element_type=\"column\">\n\t\t\t<div class=\"elementor-widget-wrap elementor-element-populated\">\n\t\t\t\t\t\t<div class=\"elementor-element elementor-element-cea34c0 elementor-invisible elementor-widget elementor-widget-image\" data-id=\"cea34c0\" data-element_type=\"widget\" data-settings=\"{&quot;_animation&quot;:&quot;fadeInLeft&quot;}\" data-widget_type=\"image.default\">\n\t\t\t\t\t\t\t\t\t\t\t\t\t\t\t<img fetchpriority=\"high\" decoding=\"async\" width=\"2048\" height=\"1152\" src=\"https:\/\/mairieyaounde2.cm\/wp-content\/uploads\/2025\/12\/Rond-point-Presidentiel.jpg\" class=\"attachment-full size-full wp-image-6123\" alt=\"\" srcset=\"https:\/\/mairieyaounde2.cm\/wp-content\/uploads\/2025\/12\/Rond-point-Presidentiel.jpg 2048w, https:\/\/mairieyaounde2.cm\/wp-content\/uploads\/2025\/12\/Rond-point-Presidentiel-300x169.jpg 300w, https:\/\/mairieyaounde2.cm\/wp-content\/uploads\/2025\/12\/Rond-point-Presidentiel-1024x576.jpg 1024w, https:\/\/mairieyaounde2.cm\/wp-content\/uploads\/2025\/12\/Rond-point-Presidentiel-768x432.jpg 768w, https:\/\/mairieyaounde2.cm\/wp-content\/uploads\/2025\/12\/Rond-point-Presidentiel-1536x864.jpg 1536w, https:\/\/mairieyaounde2.cm\/wp-content\/uploads\/2025\/12\/Rond-point-Presidentiel-600x338.jpg 600w, https:\/\/mairieyaounde2.cm\/wp-content\/uploads\/2025\/12\/Rond-point-Presidentiel-560x315.jpg 560w\" sizes=\"(max-width: 2048px) 100vw, 2048px\" \/>\t\t\t\t\t\t\t\t\t\t\t\t\t\t\t<\/div>\n\t\t\t\t<div class=\"elementor-element elementor-element-0d46d26 elementor-widget__width-inherit elementor-absolute elementor-widget-tablet__width-inherit elementor-hidden-phone elementor-invisible elementor-widget elementor-widget-image\" data-id=\"0d46d26\" data-element_type=\"widget\" data-settings=\"{&quot;_position&quot;:&quot;absolute&quot;,&quot;_animation&quot;:&quot;fadeInUp&quot;}\" data-widget_type=\"image.default\">\n\t\t\t\t\t\t\t\t\t\t\t\t\t\t\t<img decoding=\"async\" width=\"2048\" height=\"1153\" src=\"https:\/\/mairieyaounde2.cm\/wp-content\/uploads\/2025\/12\/Palais-des-congres.jpg\" class=\"attachment-full size-full wp-image-5961\" alt=\"\" srcset=\"https:\/\/mairieyaounde2.cm\/wp-content\/uploads\/2025\/12\/Palais-des-congres.jpg 2048w, https:\/\/mairieyaounde2.cm\/wp-content\/uploads\/2025\/12\/Palais-des-congres-300x169.jpg 300w, https:\/\/mairieyaounde2.cm\/wp-content\/uploads\/2025\/12\/Palais-des-congres-1024x577.jpg 1024w, https:\/\/mairieyaounde2.cm\/wp-content\/uploads\/2025\/12\/Palais-des-congres-768x432.jpg 768w, https:\/\/mairieyaounde2.cm\/wp-content\/uploads\/2025\/12\/Palais-des-congres-1536x865.jpg 1536w, https:\/\/mairieyaounde2.cm\/wp-content\/uploads\/2025\/12\/Palais-des-congres-600x338.jpg 600w, https:\/\/mairieyaounde2.cm\/wp-content\/uploads\/2025\/12\/Palais-des-congres-560x315.jpg 560w\" sizes=\"(max-width: 2048px) 100vw, 2048px\" \/>\t\t\t\t\t\t\t\t\t\t\t\t\t\t\t<\/div>\n\t\t\t\t\t<\/div>\n\t\t<\/div>\n\t\t\t\t<div class=\"elementor-column elementor-col-50 elementor-top-column elementor-element elementor-element-e65de32\" data-id=\"e65de32\" data-element_type=\"column\">\n\t\t\t<div class=\"elementor-widget-wrap elementor-element-populated\">\n\t\t\t\t\t\t<div class=\"elementor-element elementor-element-4710570 elementor-widget elementor-widget-heading\" data-id=\"4710570\" data-element_type=\"widget\" data-widget_type=\"heading.default\">\n\t\t\t\t\t<h2 class=\"elementor-heading-title elementor-size-default\">Gouvernance et Prospective : Le Savoir-faire de l'Ex\u00e9cutif Communal de Yaound\u00e9 2<\/h2>\t\t\t\t<\/div>\n\t\t\t\t<div class=\"elementor-element elementor-element-31be6c2 elementor-widget elementor-widget-text-editor\" data-id=\"31be6c2\" data-element_type=\"widget\" data-widget_type=\"text-editor.default\">\n\t\t\t\t\t\t\t\t\t<p>Forte d&#8217;une exp\u00e9rience administrative solide et d&#8217;une connaissance fine de son tissu urbain, la Mairie de Yaound\u00e9 2 s&#8217;affirme aujourd&#8217;hui comme un p\u00f4le d&#8217;excellence en mati\u00e8re de gestion d\u00e9centralis\u00e9e. Loin d&#8217;\u00eatre une simple administration de gestion courante, l&#8217;ex\u00e9cutif communal a su transformer les d\u00e9fis d&#8217;un territoire dense et cosmopolite en de v\u00e9ritables leviers de d\u00e9veloppement. Cette expertise s&#8217;appuie sur une planification rigoureuse et une ma\u00eetrise d&#8217;ouvrage efficace, permettant de mobiliser des partenariats strat\u00e9giques tant au niveau national qu&#8217;international. L&#8217;exp\u00e9rience de Yaound\u00e9 2 se lit dans la durabilit\u00e9 de ses projets et dans sa capacit\u00e9 \u00e0 anticiper les besoins d&#8217;une population en constante expansion.<\/p>\t\t\t\t\t\t\t\t<\/div>\n\t\t\t\t\t<\/div>\n\t\t<\/div>\n\t\t\t\t\t<\/div>\n\t\t<\/section>\n\t\t\t\t<section class=\"elementor-section elementor-top-section elementor-element elementor-element-9b70712 elementor-section-boxed elementor-section-height-default elementor-section-height-default\" data-id=\"9b70712\" data-element_type=\"section\">\n\t\t\t\t\t\t<div class=\"elementor-container elementor-column-gap-default\">\n\t\t\t\t\t<div class=\"elementor-column elementor-col-100 elementor-top-column elementor-element elementor-element-183c5c1\" data-id=\"183c5c1\" data-element_type=\"column\">\n\t\t\t<div class=\"elementor-widget-wrap elementor-element-populated\">\n\t\t\t\t\t\t<div class=\"elementor-element elementor-element-f3aa93b elementor-widget elementor-widget-ova_heading\" data-id=\"f3aa93b\" data-element_type=\"widget\" data-widget_type=\"ova_heading.default\">\n\t\t\t\t<div class=\"elementor-widget-container\">\n\t\t\t\t\t\t\t<div class=\"ova-heading\">\n\t\t\t\n\t\t\t\t\t\t\t<h3 class=\"title second_font\">\u00c9X\u00c9CUTIF MUNICIPAL<\/h3>\n\t\t\t\n\t\t\t\t\t\t\t<p class=\"sub-title \">V\u00e9ritable moteur de la transformation urbaine au c\u0153ur de la capitale politique, l'ex\u00e9cutif communal de la Commune d'Arrondissement de Yaound\u00e9 2 (CAY 2) incarne une administration de proximit\u00e9 r\u00e9solument tourn\u00e9e vers l'\u00e9mergence. Sous l'impulsion de son Maire et de ses adjoints, cette \u00e9quipe dirigeante d\u00e9ploie une strat\u00e9gie de gouvernance participative visant \u00e0 moderniser le cadre de vie des populations, tout en pr\u00e9servant la richesse multiculturelle qui fait l'identit\u00e9 de cet arrondissement historique. Alliant rigueur budg\u00e9taire et innovation sociale, l'ex\u00e9cutif s'att\u00e8le quotidiennement \u00e0 relever les d\u00e9fis de l'assainissement, de l'\u00e9clairage public et du soutien \u00e0 l'\u00e9conomie locale<\/p>\n\t\t\t\n\t\t<\/div>\n\t\t\t\t\t\t<\/div>\n\t\t\t\t<\/div>\n\t\t\t\t\t<\/div>\n\t\t<\/div>\n\t\t\t\t\t<\/div>\n\t\t<\/section>\n\t\t<div class=\"elementor-element elementor-element-74eeef2 e-flex e-con-boxed e-con e-parent\" data-id=\"74eeef2\" data-element_type=\"container\">\n\t\t\t\t\t<div class=\"e-con-inner\">\n\t\t\t\t<div class=\"elementor-element elementor-element-e63cc16 elementor-widget elementor-widget-image\" data-id=\"e63cc16\" data-element_type=\"widget\" data-widget_type=\"image.default\">\n\t\t\t\t\t\t\t\t\t\t\t\t\t\t\t<img decoding=\"async\" width=\"1024\" height=\"768\" src=\"https:\/\/mairieyaounde2.cm\/wp-content\/uploads\/2026\/01\/06122022-P1766629-1024x768.jpg\" class=\"attachment-large size-large wp-image-6492\" alt=\"\" srcset=\"https:\/\/mairieyaounde2.cm\/wp-content\/uploads\/2026\/01\/06122022-P1766629-1024x768.jpg 1024w, https:\/\/mairieyaounde2.cm\/wp-content\/uploads\/2026\/01\/06122022-P1766629-300x225.jpg 300w, https:\/\/mairieyaounde2.cm\/wp-content\/uploads\/2026\/01\/06122022-P1766629-768x576.jpg 768w, https:\/\/mairieyaounde2.cm\/wp-content\/uploads\/2026\/01\/06122022-P1766629-1536x1152.jpg 1536w, https:\/\/mairieyaounde2.cm\/wp-content\/uploads\/2026\/01\/06122022-P1766629-2048x1536.jpg 2048w, https:\/\/mairieyaounde2.cm\/wp-content\/uploads\/2026\/01\/06122022-P1766629-600x450.jpg 600w, https:\/\/mairieyaounde2.cm\/wp-content\/uploads\/2026\/01\/06122022-P1766629-560x420.jpg 560w\" sizes=\"(max-width: 1024px) 100vw, 1024px\" \/>\t\t\t\t\t\t\t\t\t\t\t\t\t\t\t<\/div>\n\t\t\t\t<div class=\"elementor-element elementor-element-7c0c9a8 elementor-widget elementor-widget-heading\" data-id=\"7c0c9a8\" data-element_type=\"widget\" data-widget_type=\"heading.default\">\n\t\t\t\t\t<h2 class=\"elementor-heading-title elementor-size-default\">Yannick Martial<br>AYISSI ELOUNDOU<br><i>Le Maire<\/i><\/h2>\t\t\t\t<\/div>\n\t\t\t\t\t<\/div>\n\t\t\t\t<\/div>\n\t\t<div class=\"elementor-element elementor-element-4922786 e-flex e-con-boxed e-con e-parent\" data-id=\"4922786\" data-element_type=\"container\">\n\t\t\t\t\t<div class=\"e-con-inner\">\n\t\t<div class=\"elementor-element elementor-element-a2883f3 e-con-full e-flex e-con e-child\" data-id=\"a2883f3\" data-element_type=\"container\">\n\t\t\t\t<div class=\"elementor-element elementor-element-3d55f30 elementor-widget elementor-widget-image\" data-id=\"3d55f30\" data-element_type=\"widget\" data-widget_type=\"image.default\">\n\t\t\t\t\t\t\t\t\t\t\t\t\t\t\t<img loading=\"lazy\" decoding=\"async\" width=\"1024\" height=\"768\" src=\"https:\/\/mairieyaounde2.cm\/wp-content\/uploads\/2026\/01\/06122022-P1766500-1024x768.jpg\" class=\"attachment-large size-large wp-image-6493\" alt=\"\" srcset=\"https:\/\/mairieyaounde2.cm\/wp-content\/uploads\/2026\/01\/06122022-P1766500-1024x768.jpg 1024w, https:\/\/mairieyaounde2.cm\/wp-content\/uploads\/2026\/01\/06122022-P1766500-300x225.jpg 300w, https:\/\/mairieyaounde2.cm\/wp-content\/uploads\/2026\/01\/06122022-P1766500-768x576.jpg 768w, https:\/\/mairieyaounde2.cm\/wp-content\/uploads\/2026\/01\/06122022-P1766500-1536x1152.jpg 1536w, https:\/\/mairieyaounde2.cm\/wp-content\/uploads\/2026\/01\/06122022-P1766500-2048x1536.jpg 2048w, https:\/\/mairieyaounde2.cm\/wp-content\/uploads\/2026\/01\/06122022-P1766500-600x450.jpg 600w, https:\/\/mairieyaounde2.cm\/wp-content\/uploads\/2026\/01\/06122022-P1766500-560x420.jpg 560w\" sizes=\"(max-width: 1024px) 100vw, 1024px\" \/>\t\t\t\t\t\t\t\t\t\t\t\t\t\t\t<\/div>\n\t\t\t\t<div class=\"elementor-element elementor-element-ce27b35 elementor-widget elementor-widget-heading\" data-id=\"ce27b35\" data-element_type=\"widget\" data-widget_type=\"heading.default\">\n\t\t\t\t\t<h2 class=\"elementor-heading-title elementor-size-default\">MOHAMA Oussani<br><br><b><i><span style=\"font-size: 1.75rem;letter-spacing: 0px\">1<\/span><sup style=\"letter-spacing: 0px\">er<\/sup><span style=\"font-size: 1.75rem;letter-spacing: 0px\">Adjoint au Maire<\/span><span style=\"font-size: 1.75rem;letter-spacing: 0px\"><\/span><\/i><\/b><\/h2>\t\t\t\t<\/div>\n\t\t\t\t<\/div>\n\t\t<div class=\"elementor-element elementor-element-e919da0 e-con-full e-flex e-con e-child\" data-id=\"e919da0\" data-element_type=\"container\">\n\t\t\t\t<div class=\"elementor-element elementor-element-f344a22 elementor-widget elementor-widget-image\" data-id=\"f344a22\" data-element_type=\"widget\" data-widget_type=\"image.default\">\n\t\t\t\t\t\t\t\t\t\t\t\t\t\t\t<img loading=\"lazy\" decoding=\"async\" width=\"1024\" height=\"768\" src=\"https:\/\/mairieyaounde2.cm\/wp-content\/uploads\/2026\/01\/06122022-P1766470-1024x768.jpg\" class=\"attachment-large size-large wp-image-6497\" alt=\"\" srcset=\"https:\/\/mairieyaounde2.cm\/wp-content\/uploads\/2026\/01\/06122022-P1766470-1024x768.jpg 1024w, https:\/\/mairieyaounde2.cm\/wp-content\/uploads\/2026\/01\/06122022-P1766470-300x225.jpg 300w, https:\/\/mairieyaounde2.cm\/wp-content\/uploads\/2026\/01\/06122022-P1766470-768x576.jpg 768w, https:\/\/mairieyaounde2.cm\/wp-content\/uploads\/2026\/01\/06122022-P1766470-1536x1152.jpg 1536w, https:\/\/mairieyaounde2.cm\/wp-content\/uploads\/2026\/01\/06122022-P1766470-2048x1536.jpg 2048w, https:\/\/mairieyaounde2.cm\/wp-content\/uploads\/2026\/01\/06122022-P1766470-600x450.jpg 600w, https:\/\/mairieyaounde2.cm\/wp-content\/uploads\/2026\/01\/06122022-P1766470-560x420.jpg 560w\" sizes=\"(max-width: 1024px) 100vw, 1024px\" \/>\t\t\t\t\t\t\t\t\t\t\t\t\t\t\t<\/div>\n\t\t\t\t<div class=\"elementor-element elementor-element-6650b33 elementor-widget elementor-widget-heading\" data-id=\"6650b33\" data-element_type=\"widget\" data-widget_type=\"heading.default\">\n\t\t\t\t\t<h2 class=\"elementor-heading-title elementor-size-default\">Roger Marie ESSOMBA<br><p><i>2<sup>\u00e8me<\/sup><span style=\"letter-spacing: 0px;font-size: 1.75rem\">Adjoint au Maire<\/span><span style=\"letter-spacing: 0px;font-size: 1.75rem\"><\/span><span style=\"letter-spacing: 0px\"><\/span><\/i><\/p><\/h2>\t\t\t\t<\/div>\n\t\t\t\t<\/div>\n\t\t<div class=\"elementor-element elementor-element-b33b17f e-con-full e-flex e-con e-child\" data-id=\"b33b17f\" data-element_type=\"container\">\n\t\t\t\t<div class=\"elementor-element elementor-element-0d9003d elementor-widget elementor-widget-image\" data-id=\"0d9003d\" data-element_type=\"widget\" data-widget_type=\"image.default\">\n\t\t\t\t\t\t\t\t\t\t\t\t\t\t\t<img loading=\"lazy\" decoding=\"async\" width=\"1024\" height=\"768\" src=\"https:\/\/mairieyaounde2.cm\/wp-content\/uploads\/2026\/01\/06122022-P1766667-1024x768.jpg\" class=\"attachment-large size-large wp-image-6498\" alt=\"\" srcset=\"https:\/\/mairieyaounde2.cm\/wp-content\/uploads\/2026\/01\/06122022-P1766667-1024x768.jpg 1024w, https:\/\/mairieyaounde2.cm\/wp-content\/uploads\/2026\/01\/06122022-P1766667-300x225.jpg 300w, https:\/\/mairieyaounde2.cm\/wp-content\/uploads\/2026\/01\/06122022-P1766667-768x576.jpg 768w, https:\/\/mairieyaounde2.cm\/wp-content\/uploads\/2026\/01\/06122022-P1766667-1536x1152.jpg 1536w, https:\/\/mairieyaounde2.cm\/wp-content\/uploads\/2026\/01\/06122022-P1766667-2048x1536.jpg 2048w, https:\/\/mairieyaounde2.cm\/wp-content\/uploads\/2026\/01\/06122022-P1766667-600x450.jpg 600w, https:\/\/mairieyaounde2.cm\/wp-content\/uploads\/2026\/01\/06122022-P1766667-560x420.jpg 560w\" sizes=\"(max-width: 1024px) 100vw, 1024px\" \/>\t\t\t\t\t\t\t\t\t\t\t\t\t\t\t<\/div>\n\t\t\t\t<div class=\"elementor-element elementor-element-d43fa3c elementor-widget elementor-widget-heading\" data-id=\"d43fa3c\" data-element_type=\"widget\" data-widget_type=\"heading.default\">\n\t\t\t\t\t<h2 class=\"elementor-heading-title elementor-size-default\">Cath\u00e9rine NGAH ZIBI<br><br><i><span style=\"font-size: 1.75rem;letter-spacing: 0px\">3<\/span><sup style=\"letter-spacing: 0px\">\u00e8me<\/sup><span style=\"font-size: 1.75rem;letter-spacing: 0px\">Adjoint au Maire<\/span><span style=\"font-size: 1.75rem;letter-spacing: 0px\"><\/span><span style=\"font-size: 1.75rem;letter-spacing: 0px\"><\/span><\/i><\/h2>\t\t\t\t<\/div>\n\t\t\t\t<\/div>\n\t\t<div class=\"elementor-element elementor-element-bd240fc e-con-full e-flex e-con e-child\" data-id=\"bd240fc\" data-element_type=\"container\">\n\t\t\t\t<div class=\"elementor-element elementor-element-d06f0af elementor-widget elementor-widget-image\" data-id=\"d06f0af\" data-element_type=\"widget\" data-widget_type=\"image.default\">\n\t\t\t\t\t\t\t\t\t\t\t\t\t\t\t<img loading=\"lazy\" decoding=\"async\" width=\"1024\" height=\"768\" src=\"https:\/\/mairieyaounde2.cm\/wp-content\/uploads\/2026\/01\/06122022-P1766784-1024x768.jpg\" class=\"attachment-large size-large wp-image-6499\" alt=\"\" srcset=\"https:\/\/mairieyaounde2.cm\/wp-content\/uploads\/2026\/01\/06122022-P1766784-1024x768.jpg 1024w, https:\/\/mairieyaounde2.cm\/wp-content\/uploads\/2026\/01\/06122022-P1766784-300x225.jpg 300w, https:\/\/mairieyaounde2.cm\/wp-content\/uploads\/2026\/01\/06122022-P1766784-768x576.jpg 768w, https:\/\/mairieyaounde2.cm\/wp-content\/uploads\/2026\/01\/06122022-P1766784-1536x1152.jpg 1536w, https:\/\/mairieyaounde2.cm\/wp-content\/uploads\/2026\/01\/06122022-P1766784-2048x1536.jpg 2048w, https:\/\/mairieyaounde2.cm\/wp-content\/uploads\/2026\/01\/06122022-P1766784-600x450.jpg 600w, https:\/\/mairieyaounde2.cm\/wp-content\/uploads\/2026\/01\/06122022-P1766784-560x420.jpg 560w\" sizes=\"(max-width: 1024px) 100vw, 1024px\" \/>\t\t\t\t\t\t\t\t\t\t\t\t\t\t\t<\/div>\n\t\t\t\t<div class=\"elementor-element elementor-element-54d3754 elementor-widget elementor-widget-heading\" data-id=\"54d3754\" data-element_type=\"widget\" data-widget_type=\"heading.default\">\n\t\t\t\t\t<h2 class=\"elementor-heading-title elementor-size-default\">Claude Samuel <br>MONTHE DJYA<br><i><span style=\"font-size: 1.75rem;letter-spacing: 0px\">4<\/span><sup style=\"letter-spacing: 0px\">eme<\/sup><span style=\"font-size: 1.75rem;letter-spacing: 0px\">Adjoint au Maire <\/span><span style=\"font-size: 1.75rem;letter-spacing: 0px\"><\/span><\/i><\/h2>\t\t\t\t<\/div>\n\t\t\t\t<\/div>\n\t\t\t\t\t<\/div>\n\t\t\t\t<\/div>\n\t\t\t\t<\/div>\n\t\t","protected":false},"excerpt":{"rendered":"<p>Gouvernance et Prospective : Le Savoir-faire de l&#8217;Ex\u00e9cutif Communal de Yaound\u00e9 2 Forte d&#8217;une exp\u00e9rience administrative solide et d&#8217;une connaissance fine de son tissu urbain, la Mairie de Yaound\u00e9 2 s&#8217;affirme aujourd&#8217;hui comme un p\u00f4le d&#8217;excellence en mati\u00e8re de gestion d\u00e9centralis\u00e9e. Loin d&#8217;\u00eatre une simple administration de gestion courante, l&#8217;ex\u00e9cutif communal a su transformer les [&hellip;]<\/p>\n","protected":false},"author":1,"featured_media":352,"parent":0,"menu_order":0,"comment_status":"closed","ping_status":"closed","template":"elementor_header_footer","meta":{"give_campaign_id":0,"footnotes":""},"class_list":["post-6491","page","type-page","status-publish","has-post-thumbnail","hentry"],"campaignId":"","_links":{"self":[{"href":"https:\/\/mairieyaounde2.cm\/index.php?rest_route=\/wp\/v2\/pages\/6491","targetHints":{"allow":["GET"]}}],"collection":[{"href":"https:\/\/mairieyaounde2.cm\/index.php?rest_route=\/wp\/v2\/pages"}],"about":[{"href":"https:\/\/mairieyaounde2.cm\/index.php?rest_route=\/wp\/v2\/types\/page"}],"author":[{"embeddable":true,"href":"https:\/\/mairieyaounde2.cm\/index.php?rest_route=\/wp\/v2\/users\/1"}],"replies":[{"embeddable":true,"href":"https:\/\/mairieyaounde2.cm\/index.php?rest_route=%2Fwp%2Fv2%2Fcomments&post=6491"}],"version-history":[{"count":12,"href":"https:\/\/mairieyaounde2.cm\/index.php?rest_route=\/wp\/v2\/pages\/6491\/revisions"}],"predecessor-version":[{"id":6509,"href":"https:\/\/mairieyaounde2.cm\/index.php?rest_route=\/wp\/v2\/pages\/6491\/revisions\/6509"}],"wp:featuredmedia":[{"embeddable":true,"href":"https:\/\/mairieyaounde2.cm\/index.php?rest_route=\/wp\/v2\/media\/352"}],"wp:attachment":[{"href":"https:\/\/mairieyaounde2.cm\/index.php?rest_route=%2Fwp%2Fv2%2Fmedia&parent=6491"}],"curies":[{"name":"wp","href":"https:\/\/api.w.org\/{rel}","templated":true}]}}