{"id":6481,"date":"2026-01-13T18:13:48","date_gmt":"2026-01-13T17:13:48","guid":{"rendered":"https:\/\/mairieyaounde2.cm\/?page_id=6481"},"modified":"2026-01-13T18:14:07","modified_gmt":"2026-01-13T17:14:07","slug":"historique","status":"publish","type":"page","link":"https:\/\/mairieyaounde2.cm\/?page_id=6481","title":{"rendered":"Historique"},"content":{"rendered":"\t\t<div data-elementor-type=\"wp-page\" data-elementor-id=\"6481\" class=\"elementor elementor-6481\">\n\t\t\t\t\t\t<section class=\"elementor-section elementor-top-section elementor-element elementor-element-fc6ddf8 elementor-section-boxed elementor-section-height-default elementor-section-height-default\" data-id=\"fc6ddf8\" data-element_type=\"section\">\n\t\t\t\t\t\t<div class=\"elementor-container elementor-column-gap-default\">\n\t\t\t\t\t<div class=\"elementor-column elementor-col-100 elementor-top-column elementor-element elementor-element-eb63eeb\" data-id=\"eb63eeb\" data-element_type=\"column\">\n\t\t\t<div class=\"elementor-widget-wrap elementor-element-populated\">\n\t\t\t\t\t\t<div class=\"elementor-element elementor-element-b130545 elementor-widget elementor-widget-ova_heading\" data-id=\"b130545\" data-element_type=\"widget\" data-widget_type=\"ova_heading.default\">\n\t\t\t\t<div class=\"elementor-widget-container\">\n\t\t\t\t\t\t\t<div class=\"ova-heading\">\n\t\t\t\n\t\t\t\t\t\t\t<h3 class=\"title second_font\">Regard sur l\u2019histoire et l\u2019identit\u00e9 de Yaound\u00e9 II<\/h3>\n\t\t\t\n\t\t\t\n\t\t<\/div>\n\t\t\t\t\t\t<\/div>\n\t\t\t\t<\/div>\n\t\t\t\t<div class=\"elementor-element elementor-element-d72cb89 elementor-widget elementor-widget-text-editor\" data-id=\"d72cb89\" data-element_type=\"widget\" data-widget_type=\"text-editor.default\">\n\t\t\t\t\t\t\t\t\t<p data-path-to-node=\"4\">L\u2019appellation de notre capitale trouve ses racines dans un quiproquo historique avec les premiers explorateurs allemands arriv\u00e9s vers 1888. Alors qu&#8217;ils interrogeaient les populations locales (les B\u00e9tis) sur le nom de leur terre, ces derniers, pensant r\u00e9pondre \u00e0 une question sur leurs plantations, r\u00e9torqu\u00e8rent <b data-path-to-node=\"4\" data-index-in-node=\"312\">\u00ab Owondo \u00bb<\/b> (les arachides). Ce terme, transform\u00e9 en \u00ab Jeundo \u00bb par les colons, a fini par \u00e9voluer pour devenir le nom que nous portons fi\u00e8rement aujourd&#8217;hui : <b data-path-to-node=\"4\" data-index-in-node=\"471\">Yaound\u00e9<\/b>.<\/p><p data-path-to-node=\"5\">Au c\u0153ur de cette m\u00e9tropole se trouve la <b data-path-to-node=\"5\" data-index-in-node=\"40\">Commune d\u2019Arrondissement de Yaound\u00e9 2 (CAY2)<\/b>. Situ\u00e9e dans le d\u00e9partement du Mfoundi (R\u00e9gion du Centre), elle est administr\u00e9e depuis son si\u00e8ge \u00e0 <b data-path-to-node=\"5\" data-index-in-node=\"184\">Tsinga<\/b>, id\u00e9alement plac\u00e9 face au Palais des Congr\u00e8s.<\/p><p data-path-to-node=\"6\">Plus qu&#8217;une simple subdivision administrative, la CAY2 est la v\u00e9ritable vitrine diplomatique du Cameroun. Sa position strat\u00e9gique, \u00e0 proximit\u00e9 imm\u00e9diate du <b data-path-to-node=\"6\" data-index-in-node=\"156\">Palais de l\u2019Unit\u00e9<\/b>, en fait le passage oblig\u00e9 des personnalit\u00e9s du monde entier. Cette vocation internationale est renforc\u00e9e par la pr\u00e9sence du <b data-path-to-node=\"6\" data-index-in-node=\"299\">Palais des Congr\u00e8s<\/b> sur son territoire, haut lieu des grands sommets et de la vie politique nationale.<\/p>\t\t\t\t\t\t\t\t<\/div>\n\t\t\t\t\t<\/div>\n\t\t<\/div>\n\t\t\t\t\t<\/div>\n\t\t<\/section>\n\t\t\t\t<section class=\"elementor-section elementor-top-section elementor-element elementor-element-fb6b705 elementor-section-boxed elementor-section-height-default elementor-section-height-default\" data-id=\"fb6b705\" data-element_type=\"section\">\n\t\t\t\t\t\t<div class=\"elementor-container elementor-column-gap-default\">\n\t\t\t\t\t<div class=\"elementor-column elementor-col-100 elementor-top-column elementor-element elementor-element-ece7293\" data-id=\"ece7293\" data-element_type=\"column\">\n\t\t\t<div class=\"elementor-widget-wrap elementor-element-populated\">\n\t\t\t\t\t\t<div class=\"elementor-element elementor-element-a5136a4 elementor-widget elementor-widget-ova_heading\" data-id=\"a5136a4\" data-element_type=\"widget\" data-widget_type=\"ova_heading.default\">\n\t\t\t\t<div class=\"elementor-widget-container\">\n\t\t\t\t\t\t\t<div class=\"ova-heading\">\n\t\t\t\n\t\t\t\t\t\t\t<h3 class=\"title second_font\">Chronologie historique<\/h3>\n\t\t\t\n\t\t\t\n\t\t<\/div>\n\t\t\t\t\t\t<\/div>\n\t\t\t\t<\/div>\n\t\t\t\t<div class=\"elementor-element elementor-element-e228250 elementor-widget elementor-widget-ova_history\" data-id=\"e228250\" data-element_type=\"widget\" data-widget_type=\"ova_history.default\">\n\t\t\t\t<div class=\"elementor-widget-container\">\n\t\t\t\t\t\n\t\t<div class=\"ova-history scroll_animation\">\n\t\t\t\t\t\t\t\t\t\t\t\t<div class=\"wp-item\">\n\t\t\t\t\t\t<div class=\"wp-content\">\n\t\t\t\t\t\t\t\n\t\t\t\t\t\t\t<div class=\"content\">\n\t\t\t\t\t\t\t\t<div class=\"ova-media\">\n\t\t\t\t\t\t\t\t\t<img decoding=\"async\" src=\"https:\/\/mairieyaounde2.cm\/wp-content\/uploads\/2026\/01\/DSC_3989-scaled.jpg\" alt=\"\">\n\t\t\t\t\t\t\t\t<\/div>\n\t\t\t\t\t\t\t<\/div>\n\t\t\t\t\t\t<\/div>\n\t\t\t\t\t\t<div class=\"wp-year\">\n\t\t\t\t\t\t\t<span class=\"dot\">\n\t\t\t\t\t\t\t\t<span class=\"dot1\"><\/span>\n\t\t\t\t\t\t\t\t<span  class=\"dot2\"><\/span>\n\t\t\t\t\t\t\t\t<span  class=\"dot3\"><\/span>\n\t\t\t\t\t\t\t\t<span  class=\"dot4\"><\/span>\n\t\t\t\t\t\t\t<\/span>\n\n\t\t\t\t\t\t\t<p class=\"year second_font\">1987<\/p>\n\n\t\t\t\t\t\t\t<div class=\"title\">\n\t\t\t\t\t\t\t\t\t\t\t\t\t\t\t\t\t<h3>Gen\u00e8se et mise en service officielle<\/h3>\n\t\t\t\t\t\t\t\t\t\t\t\t\t\t\t<\/div>\n\n\t\t\t\t\t\t\t<div class=\"desc\">\n\t\t\t\t\t\t\t\t<p>L\u2019acte de naissance de la Commune de Yaound\u00e9 2 remonte au 25 septembre 1987, date de la signature du d\u00e9cret pr\u00e9sidentiel n\u00b087\/1365. Bien qu\u2019officiellement cr\u00e9\u00e9e \u00e0 cette date, ce n\u2019est qu\u2019en avril 1988 que l\u2019institution a v\u00e9ritablement entam\u00e9 ses activit\u00e9s op\u00e9rationnelles.<\/p>\n\t\t\t\t\t\t\t<\/div>\n\n\t\t\t\t\t\t<\/div>\n\t\t\t\t\t<\/div>\n\t\t\t\t\t\t\t\t\t<div class=\"wp-item\">\n\t\t\t\t\t\t<div class=\"wp-content\">\n\t\t\t\t\t\t\t\n\t\t\t\t\t\t\t<div class=\"content\">\n\t\t\t\t\t\t\t\t<div class=\"ova-media\">\n\t\t\t\t\t\t\t\t\t<img decoding=\"async\" src=\"https:\/\/mairieyaounde2.cm\/wp-content\/uploads\/2026\/01\/576283228_1133498678961107_4092929611621565582_n.jpg\" alt=\"\">\n\t\t\t\t\t\t\t\t<\/div>\n\t\t\t\t\t\t\t<\/div>\n\t\t\t\t\t\t<\/div>\n\t\t\t\t\t\t<div class=\"wp-year\">\n\t\t\t\t\t\t\t<span class=\"dot\">\n\t\t\t\t\t\t\t\t<span class=\"dot1\"><\/span>\n\t\t\t\t\t\t\t\t<span  class=\"dot2\"><\/span>\n\t\t\t\t\t\t\t\t<span  class=\"dot3\"><\/span>\n\t\t\t\t\t\t\t\t<span  class=\"dot4\"><\/span>\n\t\t\t\t\t\t\t<\/span>\n\n\t\t\t\t\t\t\t<p class=\"year second_font\">1997<\/p>\n\n\t\t\t\t\t\t\t<div class=\"title\">\n\t\t\t\t\t\t\t\t\t\t\t\t\t\t\t\t\t<h3>Mutations  et changement de statut<\/h3>\n\t\t\t\t\t\t\t\t\t\t\t\t\t\t\t<\/div>\n\n\t\t\t\t\t\t\t<div class=\"desc\">\n\t\t\t\t\t\t\t\t<p>Au fil des d\u00e9cennies, la structure a suivi les grandes mutations administratives de la capitale. Initialement d\u00e9sign\u00e9e comme \u00ab Commune de Yaound\u00e9 II \u00bb, elle est renomm\u00e9e Commune Urbaine de Yaound\u00e9 suite au d\u00e9cret n\u00b093\/321 du 25 novembre 1993.<\/p>\n\t\t\t\t\t\t\t<\/div>\n\n\t\t\t\t\t\t<\/div>\n\t\t\t\t\t<\/div>\n\t\t\t\t\t\t\t\t\t<div class=\"wp-item\">\n\t\t\t\t\t\t<div class=\"wp-content\">\n\t\t\t\t\t\t\t\n\t\t\t\t\t\t\t<div class=\"content\">\n\t\t\t\t\t\t\t\t<div class=\"ova-media\">\n\t\t\t\t\t\t\t\t\t<img decoding=\"async\" src=\"https:\/\/mairieyaounde2.cm\/wp-content\/uploads\/2026\/01\/577828494_1133498642294444_4851616035190401721_n.jpg\" alt=\"\">\n\t\t\t\t\t\t\t\t<\/div>\n\t\t\t\t\t\t\t<\/div>\n\t\t\t\t\t\t<\/div>\n\t\t\t\t\t\t<div class=\"wp-year\">\n\t\t\t\t\t\t\t<span class=\"dot\">\n\t\t\t\t\t\t\t\t<span class=\"dot1\"><\/span>\n\t\t\t\t\t\t\t\t<span  class=\"dot2\"><\/span>\n\t\t\t\t\t\t\t\t<span  class=\"dot3\"><\/span>\n\t\t\t\t\t\t\t\t<span  class=\"dot4\"><\/span>\n\t\t\t\t\t\t\t<\/span>\n\n\t\t\t\t\t\t\t<p class=\"year second_font\">Aujourd&#039;hui<\/p>\n\n\t\t\t\t\t\t\t<div class=\"title\">\n\t\t\t\t\t\t\t\t\t\t\t\t\t\t\t\t\t<h3>Configuration actuelle et expansion territoriale<\/h3>\n\t\t\t\t\t\t\t\t\t\t\t\t\t\t\t<\/div>\n\n\t\t\t\t\t\t\t<div class=\"desc\">\n\t\t\t\t\t\t\t\t<p>Son visage actuel r\u00e9sulte d&#039;une r\u00e9organisation territoriale plus r\u00e9cente. En effet, la configuration que nous connaissons aujourd&#039;hui sous le nom de Commune d\u2019Arrondissement de Yaound\u00e9 II fait suite \u00e0 un red\u00e9coupage ayant permis la cr\u00e9ation de la commune de Yaound\u00e9 VII. Cette \u00e9volution t\u00e9moigne de la croissance dynamique et de l&#039;importance croissante de notre territoire au sein de la m\u00e9tropole<\/p>\n\t\t\t\t\t\t\t<\/div>\n\n\t\t\t\t\t\t<\/div>\n\t\t\t\t\t<\/div>\n\t\t\t\t\t\t\t\t\t<\/div>\n\n\t\t\t\t\t\t<\/div>\n\t\t\t\t<\/div>\n\t\t\t\t\t<\/div>\n\t\t<\/div>\n\t\t\t\t\t<\/div>\n\t\t<\/section>\n\t\t\t\t<\/div>\n\t\t","protected":false},"excerpt":{"rendered":"<p>Regard sur l\u2019histoire et l\u2019identit\u00e9 de Yaound\u00e9 II L\u2019appellation de notre capitale trouve ses racines dans un quiproquo historique avec les premiers explorateurs allemands arriv\u00e9s vers 1888. Alors qu&#8217;ils interrogeaient les populations locales (les B\u00e9tis) sur le nom de leur terre, ces derniers, pensant r\u00e9pondre \u00e0 une question sur leurs plantations, r\u00e9torqu\u00e8rent \u00ab Owondo \u00bb [&hellip;]<\/p>\n","protected":false},"author":1,"featured_media":6378,"parent":0,"menu_order":0,"comment_status":"closed","ping_status":"closed","template":"elementor_header_footer","meta":{"give_campaign_id":0,"footnotes":""},"class_list":["post-6481","page","type-page","status-publish","has-post-thumbnail","hentry"],"campaignId":"","_links":{"self":[{"href":"https:\/\/mairieyaounde2.cm\/index.php?rest_route=\/wp\/v2\/pages\/6481","targetHints":{"allow":["GET"]}}],"collection":[{"href":"https:\/\/mairieyaounde2.cm\/index.php?rest_route=\/wp\/v2\/pages"}],"about":[{"href":"https:\/\/mairieyaounde2.cm\/index.php?rest_route=\/wp\/v2\/types\/page"}],"author":[{"embeddable":true,"href":"https:\/\/mairieyaounde2.cm\/index.php?rest_route=\/wp\/v2\/users\/1"}],"replies":[{"embeddable":true,"href":"https:\/\/mairieyaounde2.cm\/index.php?rest_route=%2Fwp%2Fv2%2Fcomments&post=6481"}],"version-history":[{"count":3,"href":"https:\/\/mairieyaounde2.cm\/index.php?rest_route=\/wp\/v2\/pages\/6481\/revisions"}],"predecessor-version":[{"id":6488,"href":"https:\/\/mairieyaounde2.cm\/index.php?rest_route=\/wp\/v2\/pages\/6481\/revisions\/6488"}],"wp:featuredmedia":[{"embeddable":true,"href":"https:\/\/mairieyaounde2.cm\/index.php?rest_route=\/wp\/v2\/media\/6378"}],"wp:attachment":[{"href":"https:\/\/mairieyaounde2.cm\/index.php?rest_route=%2Fwp%2Fv2%2Fmedia&parent=6481"}],"curies":[{"name":"wp","href":"https:\/\/api.w.org\/{rel}","templated":true}]}}