{"id":6391,"date":"2026-01-09T16:14:56","date_gmt":"2026-01-09T15:14:56","guid":{"rendered":"https:\/\/mairieyaounde2.cm\/?page_id=6391"},"modified":"2026-01-13T14:15:39","modified_gmt":"2026-01-13T13:15:39","slug":"service-etat-civil-dev","status":"publish","type":"page","link":"https:\/\/mairieyaounde2.cm\/?page_id=6391","title":{"rendered":"Etat civil"},"content":{"rendered":"\t\t<div data-elementor-type=\"wp-page\" data-elementor-id=\"6391\" class=\"elementor elementor-6391\">\n\t\t\t\t\t\t<section class=\"elementor-section elementor-top-section elementor-element elementor-element-feeccb7 elementor-section-boxed elementor-section-height-default elementor-section-height-default\" data-id=\"feeccb7\" data-element_type=\"section\" data-settings=\"{&quot;background_background&quot;:&quot;classic&quot;}\">\n\t\t\t\t\t\t<div class=\"elementor-container elementor-column-gap-default\">\n\t\t\t\t\t<div class=\"elementor-column elementor-col-50 elementor-top-column elementor-element elementor-element-7ad3716\" data-id=\"7ad3716\" data-element_type=\"column\">\n\t\t\t<div class=\"elementor-widget-wrap elementor-element-populated\">\n\t\t\t\t\t\t<div class=\"elementor-element elementor-element-f53e959 elementor-widget elementor-widget-heading\" data-id=\"f53e959\" data-element_type=\"widget\" data-widget_type=\"heading.default\">\n\t\t\t\t\t<h2 class=\"elementor-heading-title elementor-size-default\">Fondements et Missions de l'\u00c9tat Civil :         Un Enjeu de Citoyennet\u00e9<\/h2>\t\t\t\t<\/div>\n\t\t\t\t<div class=\"elementor-element elementor-element-9d29f82 elementor-widget elementor-widget-text-editor\" data-id=\"9d29f82\" data-element_type=\"widget\" data-widget_type=\"text-editor.default\">\n\t\t\t\t\t\t\t\t\t<p>L\u2019\u00e9tat civil constitue le fondement\u00a0 juridique et administratif de l&#8217;identification des personnes et de la reconnaissance de leurs droits civils au sein de l\u2019\u00c9tat. . Conform\u00e9ment \u00e0 la l\u00e9gislation camerounaise en vigueur, il regroupe l\u2019ensemble des actes authentiques relatifs au faits d\u2019\u00c9tat civil, notamment\u00a0 (naissances, mariages, d\u00e9c\u00e8s)\u00a0 dont l\u2019\u00e9tablissement et la conservation permettent d&#8217;assurer la tra\u00e7abilit\u00e9 juridique\u00a0 de l\u2019identit\u00e9 des individus. Cette mission d\u2019int\u00e9r\u00eat public participe directement \u00e0 la s\u00e9curit\u00e9 juridique et \u00e0 la bonne gouvernance de la d\u00e9mographie elle implique la mise en \u0153uvre de politiques publiques de protections des donn\u00e9es personnelles, et repose sur une organisation administrative structur\u00e9e mobilisant des officiers, de secr\u00e9taires d&#8217;\u00e9tat civil, de juristes et d\u2019archivistes. Leur action concert\u00e9e vise \u00e0 garantir la r\u00e9gularit\u00e9, l\u2019authenticit\u00e9 la fiabilit\u00e9 des registres ; tant dans les (d\u00e9livrances des actes) que dans le (contr\u00f4le de leur conformit\u00e9 \u00a0et la pr\u00e9vention de la fraude identitaire).<br \/>\u00a0 \u00a0\u00a0 Sur le plan normatif, le syst\u00e8me camerounais de l\u2019\u00c9tat civil\u00a0 est r\u00e9gi par un cadre juridique \u00e9volutif destin\u00e9 \u00e0 harmoniser les pratiques\u00a0 sur l&#8217;ensemble du territoire national\u00a0 \u00a0 et \u00e0 pr\u00e9venir les situations d&#8217;apatridie .\u00c0 cet \u00e9gard, l\u2019ordonnance n\u00b0 81\/02 du 29 juin 1981 reform\u00e9e par la loi de 2011 relative\u00a0 \u00e0 l&#8217;Etat civile constitue le socle juridique de la \u00a0modernisation l\u2019enregistrement des faits d&#8217;\u00e9tat civil. Si cette r\u00e9forme a permis de clarifier les comp\u00e9tences des acteurs et de simplifier les proc\u00e9dures d\u00e9claratives, son effectivit\u00e9 demeure conditionn\u00e9e \u00e0 une large diffusion et \u00e0 une appropriation effective des textes l\u00e9gislatifs par les usagers et les agents publics garantissant ainsi une application uniforme et efficace de la loi au niveau local.<br \/>\u00a0 \u00a0\u00a0\u00a0\u00a0Au c\u0153ur de ce dispositif, la Commune de Yaound\u00e9 II, en sa qualit\u00e9 de collectivit\u00e9 territoriale d\u00e9centralis\u00e9e, exerce une comp\u00e9tence essentielle de proximit\u00e9 en mati\u00e8re, Etat civil. Le Maire, investi des fonctions d&#8221;Officier d&#8217;\u00e9tat civil, est juridiquement responsable de la r\u00e9gularit\u00e9 et la, l\u2019\u00e9galit\u00e9 des actes\u00a0 \u00e9tablis ; \u00c0 ce titre il lui incombe, de veiller \u00e0 l&#8217;exactitude mat\u00e9rielle des mentons port\u00e9es sur les registres, toutes erre resetant susceptible de produire des effets juridiques durables sur les situations des administr\u00e9s. L&#8217;action communale en mati\u00e8re d&#8217;Etat civil s&#8217;organise autour de trois axes fondamentaux : l\u2019accueil et l&#8217;orientation des usagers pour l\u2019enregistrement des faits, l\u2019instruction rigoureuse des dossiers pour l\u2019authentification des actes, et enfin, la veille s\u00e9curitaire par la tenue des registres en double exemplaire. Cette organisation\u00a0 \u00a0de proximit\u00e9 garantie\u00a0 non seulement la p\u00e9rennit\u00e9 de l&#8217;information, mais prot\u00e8ge \u00e9galement l&#8217;identit\u00e9 juridique de chaque r\u00e9sident de l&#8217;arrondissement.<\/p>\t\t\t\t\t\t\t\t<\/div>\n\t\t\t\t\t<\/div>\n\t\t<\/div>\n\t\t\t\t<div class=\"elementor-column elementor-col-50 elementor-top-column elementor-element elementor-element-c706412\" data-id=\"c706412\" data-element_type=\"column\">\n\t\t\t<div class=\"elementor-widget-wrap elementor-element-populated\">\n\t\t\t\t\t\t<div class=\"elementor-element elementor-element-7e3f4d6 elementor-widget elementor-widget-image\" data-id=\"7e3f4d6\" data-element_type=\"widget\" data-widget_type=\"image.default\">\n\t\t\t\t\t\t\t\t\t\t\t\t\t\t\t<img fetchpriority=\"high\" decoding=\"async\" width=\"1024\" height=\"768\" src=\"https:\/\/mairieyaounde2.cm\/wp-content\/uploads\/2026\/01\/Acte-2-1024x768.jpeg\" class=\"attachment-large size-large wp-image-6426\" alt=\"\" srcset=\"https:\/\/mairieyaounde2.cm\/wp-content\/uploads\/2026\/01\/Acte-2-1024x768.jpeg 1024w, https:\/\/mairieyaounde2.cm\/wp-content\/uploads\/2026\/01\/Acte-2-300x225.jpeg 300w, https:\/\/mairieyaounde2.cm\/wp-content\/uploads\/2026\/01\/Acte-2-768x576.jpeg 768w, https:\/\/mairieyaounde2.cm\/wp-content\/uploads\/2026\/01\/Acte-2-600x450.jpeg 600w, https:\/\/mairieyaounde2.cm\/wp-content\/uploads\/2026\/01\/Acte-2-560x420.jpeg 560w, https:\/\/mairieyaounde2.cm\/wp-content\/uploads\/2026\/01\/Acte-2.jpeg 1333w\" sizes=\"(max-width: 1024px) 100vw, 1024px\" \/>\t\t\t\t\t\t\t\t\t\t\t\t\t\t\t<\/div>\n\t\t\t\t<div class=\"elementor-element elementor-element-775c30a elementor-widget elementor-widget-image\" data-id=\"775c30a\" data-element_type=\"widget\" data-widget_type=\"image.default\">\n\t\t\t\t\t\t\t\t\t\t\t\t\t\t\t<img decoding=\"async\" width=\"1024\" height=\"678\" src=\"https:\/\/mairieyaounde2.cm\/wp-content\/uploads\/2026\/01\/603882422_1168347955476179_9042110657973164705_n-1024x678.jpg\" class=\"attachment-large size-large wp-image-6428\" alt=\"\" srcset=\"https:\/\/mairieyaounde2.cm\/wp-content\/uploads\/2026\/01\/603882422_1168347955476179_9042110657973164705_n-1024x678.jpg 1024w, https:\/\/mairieyaounde2.cm\/wp-content\/uploads\/2026\/01\/603882422_1168347955476179_9042110657973164705_n-300x199.jpg 300w, https:\/\/mairieyaounde2.cm\/wp-content\/uploads\/2026\/01\/603882422_1168347955476179_9042110657973164705_n-768x509.jpg 768w, https:\/\/mairieyaounde2.cm\/wp-content\/uploads\/2026\/01\/603882422_1168347955476179_9042110657973164705_n-1536x1017.jpg 1536w, https:\/\/mairieyaounde2.cm\/wp-content\/uploads\/2026\/01\/603882422_1168347955476179_9042110657973164705_n-600x397.jpg 600w, https:\/\/mairieyaounde2.cm\/wp-content\/uploads\/2026\/01\/603882422_1168347955476179_9042110657973164705_n-560x371.jpg 560w, https:\/\/mairieyaounde2.cm\/wp-content\/uploads\/2026\/01\/603882422_1168347955476179_9042110657973164705_n.jpg 2048w\" sizes=\"(max-width: 1024px) 100vw, 1024px\" \/>\t\t\t\t\t\t\t\t\t\t\t\t\t\t\t<\/div>\n\t\t\t\t\t<\/div>\n\t\t<\/div>\n\t\t\t\t\t<\/div>\n\t\t<\/section>\n\t\t\t\t<\/div>\n\t\t","protected":false},"excerpt":{"rendered":"<p>Fondements et Missions de l&#8217;\u00c9tat Civil : Un Enjeu de Citoyennet\u00e9 L\u2019\u00e9tat civil constitue le fondement\u00a0 juridique et administratif de l&#8217;identification des personnes et de la reconnaissance de leurs droits civils au sein de l\u2019\u00c9tat. . Conform\u00e9ment \u00e0 la l\u00e9gislation camerounaise en vigueur, il regroupe l\u2019ensemble des actes authentiques relatifs au faits d\u2019\u00c9tat civil, notamment\u00a0 [&hellip;]<\/p>\n","protected":false},"author":1,"featured_media":6378,"parent":0,"menu_order":0,"comment_status":"closed","ping_status":"closed","template":"elementor_header_footer","meta":{"give_campaign_id":0,"footnotes":""},"class_list":["post-6391","page","type-page","status-publish","has-post-thumbnail","hentry"],"campaignId":"","_links":{"self":[{"href":"https:\/\/mairieyaounde2.cm\/index.php?rest_route=\/wp\/v2\/pages\/6391","targetHints":{"allow":["GET"]}}],"collection":[{"href":"https:\/\/mairieyaounde2.cm\/index.php?rest_route=\/wp\/v2\/pages"}],"about":[{"href":"https:\/\/mairieyaounde2.cm\/index.php?rest_route=\/wp\/v2\/types\/page"}],"author":[{"embeddable":true,"href":"https:\/\/mairieyaounde2.cm\/index.php?rest_route=\/wp\/v2\/users\/1"}],"replies":[{"embeddable":true,"href":"https:\/\/mairieyaounde2.cm\/index.php?rest_route=%2Fwp%2Fv2%2Fcomments&post=6391"}],"version-history":[{"count":6,"href":"https:\/\/mairieyaounde2.cm\/index.php?rest_route=\/wp\/v2\/pages\/6391\/revisions"}],"predecessor-version":[{"id":6459,"href":"https:\/\/mairieyaounde2.cm\/index.php?rest_route=\/wp\/v2\/pages\/6391\/revisions\/6459"}],"wp:featuredmedia":[{"embeddable":true,"href":"https:\/\/mairieyaounde2.cm\/index.php?rest_route=\/wp\/v2\/media\/6378"}],"wp:attachment":[{"href":"https:\/\/mairieyaounde2.cm\/index.php?rest_route=%2Fwp%2Fv2%2Fmedia&parent=6391"}],"curies":[{"name":"wp","href":"https:\/\/api.w.org\/{rel}","templated":true}]}}