{"id":6350,"date":"2026-01-13T15:43:51","date_gmt":"2026-01-13T14:43:51","guid":{"rendered":"https:\/\/mairieyaounde2.cm\/?page_id=6350"},"modified":"2026-01-13T15:56:04","modified_gmt":"2026-01-13T14:56:04","slug":"service-social-2","status":"publish","type":"page","link":"https:\/\/mairieyaounde2.cm\/?page_id=6350","title":{"rendered":"Social"},"content":{"rendered":"\t\t<div data-elementor-type=\"wp-page\" data-elementor-id=\"6350\" class=\"elementor elementor-6350\">\n\t\t\t\t\t\t<section class=\"elementor-section elementor-top-section elementor-element elementor-element-feeccb7 elementor-section-boxed elementor-section-height-default elementor-section-height-default\" data-id=\"feeccb7\" data-element_type=\"section\" data-settings=\"{&quot;background_background&quot;:&quot;classic&quot;}\">\n\t\t\t\t\t\t<div class=\"elementor-container elementor-column-gap-default\">\n\t\t\t\t\t<div class=\"elementor-column elementor-col-50 elementor-top-column elementor-element elementor-element-7ad3716\" data-id=\"7ad3716\" data-element_type=\"column\">\n\t\t\t<div class=\"elementor-widget-wrap elementor-element-populated\">\n\t\t\t\t\t\t<div class=\"elementor-element elementor-element-f53e959 elementor-widget elementor-widget-heading\" data-id=\"f53e959\" data-element_type=\"widget\" data-widget_type=\"heading.default\">\n\t\t\t\t\t<h2 class=\"elementor-heading-title elementor-size-default\">Agir ensemble pour une cit\u00e9 inclusive et solidaire<\/h2>\t\t\t\t<\/div>\n\t\t\t\t<div class=\"elementor-element elementor-element-9d29f82 elementor-widget elementor-widget-text-editor\" data-id=\"9d29f82\" data-element_type=\"widget\" data-widget_type=\"text-editor.default\">\n\t\t\t\t\t\t\t\t\t<p>L\u2019action sociale constitue un champ d\u2019intervention prioritaire regroupant l\u2019ensemble des dispositifs visant \u00e0 soutenir les populations vuln\u00e9rables et \u00e0 renforcer la coh\u00e9sion au sein de la communaut\u00e9. Conform\u00e9ment aux orientations nationales, cette discipline englobe les mesures d&#8217;accompagnement technique, administratif et humain destin\u00e9es \u00e0 lutter contre l\u2019exclusion, \u00e0 prot\u00e9ger les groupes d\u00e9favoris\u00e9s et \u00e0 favoriser l\u2019autonomie des individus. Sa mission premi\u00e8re est d&#8217;assurer l\u2019inclusion de tous les citoyens, garantissant ainsi un \u00e9quilibre harmonieux au sein de la cit\u00e9 et l&#8217;am\u00e9lioration des conditions de vie des administr\u00e9s les plus fragiles. Cette administration repose sur la mise en \u0153uvre de programmes de solidarit\u00e9 rigoureux, n\u00e9cessitant une coordination entre l&#8217;assistance d&#8217;urgence et le suivi social \u00e0 long terme. Elle mobilise un corps de m\u00e9tiers pluridisciplinaire, travailleurs sociaux, conseillers d\u2019orientation, juristes sp\u00e9cialis\u00e9s, agents de sant\u00e9 communautaire et m\u00e9diateurs qui collaborent pour assurer tant le volet op\u00e9rationnel (aide directe, secours indigents) que le volet r\u00e9glementaire (protection des droits, encadrement des associations).<\/p><p>Sur le plan normatif, le Cameroun dispose d\u2019un cadre normatif r\u00e9gissant l\u2019assistance sociale et la promotion des droits humains, notamment \u00e0 travers les textes sur la protection des personnes handicap\u00e9es, des personnes \u00e2g\u00e9es et de la famille. Ces lois ont \u00e9volu\u00e9 pour clarifier les comp\u00e9tences et rem\u00e9dier \u00e0 l\u2019\u00e9parpillement des interventions qui a longtemps limit\u00e9 l\u2019impact des politiques sociales.<\/p><p>\u00a0Malgr\u00e9 cet assainissement juridique, l&#8217;enjeu actuel demeure la connaissance de ces droits par les b\u00e9n\u00e9ficiaires eux-m\u00eames. L&#8217;objectif de la commune est donc de transformer ces dispositions l\u00e9gales en services de proximit\u00e9 accessibles, permettant de passer d&#8217;une simple assistance ponctuelle \u00e0 une v\u00e9ritable strat\u00e9gie d&#8217;insertion et de promotion sociale durable au sein de nos quartiers.<\/p><p>En tant que collectivit\u00e9 territoriale d\u00e9centralis\u00e9e, la Commune de Yaound\u00e9 2 se positionne comme l&#8217;acteur central de la protection sociale de proximit\u00e9. Le Maire, avec un accompagnement des services d\u00e9concentr\u00e9s de l&#8217;\u00c9tat, doit veiller \u00e0 ce que chaque initiative sociale r\u00e9ponde aux besoins r\u00e9els des populations tout en pr\u00e9servant la dignit\u00e9 humaine. Cette responsabilit\u00e9 municipale s&#8217;articule autour de trois piliers fondamentaux : l\u2019initiative de l\u2019am\u00e9nagement social par l&#8217;identification des m\u00e9nages en situation de pr\u00e9carit\u00e9, la mise en \u0153uvre d&#8217;actes concrets de solidarit\u00e9 tels que l&#8217;octroi de bourses scolaires ou le soutien aux micro-projets g\u00e9n\u00e9rateurs de revenus, et enfin le pouvoir de contr\u00f4le et d&#8217;encadrement. Par le suivi rigoureux des structures sociales priv\u00e9es et l&#8217;application des normes de protection de l&#8217;enfance et de la famille, la mairie garantit un environnement s\u00e9curisant et solidaire pour l&#8217;ensemble des r\u00e9sidents de l&#8217;arrondissement.<\/p>\t\t\t\t\t\t\t\t<\/div>\n\t\t\t\t\t<\/div>\n\t\t<\/div>\n\t\t\t\t<div class=\"elementor-column elementor-col-50 elementor-top-column elementor-element elementor-element-c706412\" data-id=\"c706412\" data-element_type=\"column\">\n\t\t\t<div class=\"elementor-widget-wrap elementor-element-populated\">\n\t\t\t\t\t\t<div class=\"elementor-element elementor-element-7e3f4d6 elementor-widget elementor-widget-image\" data-id=\"7e3f4d6\" data-element_type=\"widget\" data-widget_type=\"image.default\">\n\t\t\t\t\t\t\t\t\t\t\t\t\t\t\t<img fetchpriority=\"high\" decoding=\"async\" width=\"1024\" height=\"678\" src=\"https:\/\/mairieyaounde2.cm\/wp-content\/uploads\/2026\/01\/606027406_1176122038032104_7658844006007310397_n-1024x678.jpg\" class=\"attachment-large size-large wp-image-6306\" alt=\"\" srcset=\"https:\/\/mairieyaounde2.cm\/wp-content\/uploads\/2026\/01\/606027406_1176122038032104_7658844006007310397_n-1024x678.jpg 1024w, https:\/\/mairieyaounde2.cm\/wp-content\/uploads\/2026\/01\/606027406_1176122038032104_7658844006007310397_n-300x199.jpg 300w, https:\/\/mairieyaounde2.cm\/wp-content\/uploads\/2026\/01\/606027406_1176122038032104_7658844006007310397_n-768x509.jpg 768w, https:\/\/mairieyaounde2.cm\/wp-content\/uploads\/2026\/01\/606027406_1176122038032104_7658844006007310397_n-1536x1017.jpg 1536w, https:\/\/mairieyaounde2.cm\/wp-content\/uploads\/2026\/01\/606027406_1176122038032104_7658844006007310397_n-600x397.jpg 600w, https:\/\/mairieyaounde2.cm\/wp-content\/uploads\/2026\/01\/606027406_1176122038032104_7658844006007310397_n-560x371.jpg 560w, https:\/\/mairieyaounde2.cm\/wp-content\/uploads\/2026\/01\/606027406_1176122038032104_7658844006007310397_n.jpg 2048w\" sizes=\"(max-width: 1024px) 100vw, 1024px\" \/>\t\t\t\t\t\t\t\t\t\t\t\t\t\t\t<\/div>\n\t\t\t\t<div class=\"elementor-element elementor-element-775c30a elementor-widget elementor-widget-image\" data-id=\"775c30a\" data-element_type=\"widget\" data-widget_type=\"image.default\">\n\t\t\t\t\t\t\t\t\t\t\t\t\t\t\t<img decoding=\"async\" width=\"1024\" height=\"683\" src=\"https:\/\/mairieyaounde2.cm\/wp-content\/uploads\/2026\/01\/DSC_0468-1024x683.jpg\" class=\"attachment-large size-large wp-image-6374\" alt=\"\" srcset=\"https:\/\/mairieyaounde2.cm\/wp-content\/uploads\/2026\/01\/DSC_0468-1024x683.jpg 1024w, https:\/\/mairieyaounde2.cm\/wp-content\/uploads\/2026\/01\/DSC_0468-300x200.jpg 300w, https:\/\/mairieyaounde2.cm\/wp-content\/uploads\/2026\/01\/DSC_0468-768x512.jpg 768w, https:\/\/mairieyaounde2.cm\/wp-content\/uploads\/2026\/01\/DSC_0468-1536x1024.jpg 1536w, https:\/\/mairieyaounde2.cm\/wp-content\/uploads\/2026\/01\/DSC_0468-2048x1365.jpg 2048w, https:\/\/mairieyaounde2.cm\/wp-content\/uploads\/2026\/01\/DSC_0468-600x400.jpg 600w, https:\/\/mairieyaounde2.cm\/wp-content\/uploads\/2026\/01\/DSC_0468-560x373.jpg 560w\" sizes=\"(max-width: 1024px) 100vw, 1024px\" \/>\t\t\t\t\t\t\t\t\t\t\t\t\t\t\t<\/div>\n\t\t\t\t\t<\/div>\n\t\t<\/div>\n\t\t\t\t\t<\/div>\n\t\t<\/section>\n\t\t\t\t<\/div>\n\t\t","protected":false},"excerpt":{"rendered":"<p>Agir ensemble pour une cit\u00e9 inclusive et solidaire L\u2019action sociale constitue un champ d\u2019intervention prioritaire regroupant l\u2019ensemble des dispositifs visant \u00e0 soutenir les populations vuln\u00e9rables et \u00e0 renforcer la coh\u00e9sion au sein de la communaut\u00e9. Conform\u00e9ment aux orientations nationales, cette discipline englobe les mesures d&#8217;accompagnement technique, administratif et humain destin\u00e9es \u00e0 lutter contre l\u2019exclusion, \u00e0 [&hellip;]<\/p>\n","protected":false},"author":1,"featured_media":6378,"parent":0,"menu_order":0,"comment_status":"closed","ping_status":"closed","template":"elementor_header_footer","meta":{"give_campaign_id":0,"footnotes":""},"class_list":["post-6350","page","type-page","status-publish","has-post-thumbnail","hentry"],"campaignId":"","_links":{"self":[{"href":"https:\/\/mairieyaounde2.cm\/index.php?rest_route=\/wp\/v2\/pages\/6350","targetHints":{"allow":["GET"]}}],"collection":[{"href":"https:\/\/mairieyaounde2.cm\/index.php?rest_route=\/wp\/v2\/pages"}],"about":[{"href":"https:\/\/mairieyaounde2.cm\/index.php?rest_route=\/wp\/v2\/types\/page"}],"author":[{"embeddable":true,"href":"https:\/\/mairieyaounde2.cm\/index.php?rest_route=\/wp\/v2\/users\/1"}],"replies":[{"embeddable":true,"href":"https:\/\/mairieyaounde2.cm\/index.php?rest_route=%2Fwp%2Fv2%2Fcomments&post=6350"}],"version-history":[{"count":30,"href":"https:\/\/mairieyaounde2.cm\/index.php?rest_route=\/wp\/v2\/pages\/6350\/revisions"}],"predecessor-version":[{"id":6471,"href":"https:\/\/mairieyaounde2.cm\/index.php?rest_route=\/wp\/v2\/pages\/6350\/revisions\/6471"}],"wp:featuredmedia":[{"embeddable":true,"href":"https:\/\/mairieyaounde2.cm\/index.php?rest_route=\/wp\/v2\/media\/6378"}],"wp:attachment":[{"href":"https:\/\/mairieyaounde2.cm\/index.php?rest_route=%2Fwp%2Fv2%2Fmedia&parent=6350"}],"curies":[{"name":"wp","href":"https:\/\/api.w.org\/{rel}","templated":true}]}}