{"id":6204,"date":"2026-01-07T12:34:09","date_gmt":"2026-01-07T11:34:09","guid":{"rendered":"https:\/\/mairieyaounde2.cm\/?page_id=6204"},"modified":"2026-01-07T17:57:22","modified_gmt":"2026-01-07T16:57:22","slug":"projets-en-cours-de-realisations","status":"publish","type":"page","link":"https:\/\/mairieyaounde2.cm\/?page_id=6204","title":{"rendered":"Projets en cours de r\u00e9alisations"},"content":{"rendered":"\t\t<div data-elementor-type=\"wp-page\" data-elementor-id=\"6204\" class=\"elementor elementor-6204\">\n\t\t\t\t\t\t<section class=\"elementor-section elementor-top-section elementor-element elementor-element-e1dd29d elementor-section-boxed elementor-section-height-default elementor-section-height-default\" data-id=\"e1dd29d\" data-element_type=\"section\">\n\t\t\t\t\t\t<div class=\"elementor-container elementor-column-gap-default\">\n\t\t\t\t\t<div class=\"elementor-column elementor-col-50 elementor-top-column elementor-element elementor-element-72ce8f4\" data-id=\"72ce8f4\" data-element_type=\"column\">\n\t\t\t<div class=\"elementor-widget-wrap elementor-element-populated\">\n\t\t\t\t\t\t<div class=\"elementor-element elementor-element-a673ea2 elementor-widget elementor-widget-heading\" data-id=\"a673ea2\" data-element_type=\"widget\" data-widget_type=\"heading.default\">\n\t\t\t\t\t<h2 class=\"elementor-heading-title elementor-size-default\">Propret\u00e9 dans la municipalit\u00e9<\/h2>\t\t\t\t<\/div>\n\t\t\t\t<div class=\"elementor-element elementor-element-0e6a467 elementor-widget elementor-widget-text-editor\" data-id=\"0e6a467\" data-element_type=\"widget\" data-widget_type=\"text-editor.default\">\n\t\t\t\t\t\t\t\t\t<p>Notre municipalit\u00e9 fait de la propret\u00e9 une priorit\u00e9 quotidienne. Au-del\u00e0 de l&#8217;entretien r\u00e9gulier, nous d\u00e9ployons des projets structurants pour un cadre de vie plus agr\u00e9able, plus sain et plus respectueux de l&#8217;environnement.<\/p>\t\t\t\t\t\t\t\t<\/div>\n\t\t\t\t<div class=\"elementor-element elementor-element-eb6e4e9 elementor-widget elementor-widget-text-editor\" data-id=\"eb6e4e9\" data-element_type=\"widget\" data-widget_type=\"text-editor.default\">\n\t\t\t\t\t\t\t\t\t<p>Nettoyage des caniveaux, d\u00e9sherbage, balayage de la chauss\u00e9e, ramassage d&#8217;ordures, tous les moyens sont mis \u00e0 contribution pour rendre l&#8217;environnement plus agr\u00e9able.<\/p>\t\t\t\t\t\t\t\t<\/div>\n\t\t\t\t\t<\/div>\n\t\t<\/div>\n\t\t\t\t<div class=\"elementor-column elementor-col-50 elementor-top-column elementor-element elementor-element-bef0398\" data-id=\"bef0398\" data-element_type=\"column\">\n\t\t\t<div class=\"elementor-widget-wrap elementor-element-populated\">\n\t\t\t\t\t\t<div class=\"elementor-element elementor-element-9d5dbbc elementor-widget elementor-widget-image\" data-id=\"9d5dbbc\" data-element_type=\"widget\" data-widget_type=\"image.default\">\n\t\t\t\t\t\t\t\t\t\t\t\t\t\t\t<img fetchpriority=\"high\" decoding=\"async\" width=\"768\" height=\"1024\" src=\"https:\/\/mairieyaounde2.cm\/wp-content\/uploads\/2026\/01\/601919221_1171809408463367_3247155122602002399_n-768x1024.jpg\" class=\"attachment-large size-large wp-image-6301\" alt=\"\" srcset=\"https:\/\/mairieyaounde2.cm\/wp-content\/uploads\/2026\/01\/601919221_1171809408463367_3247155122602002399_n-768x1024.jpg 768w, https:\/\/mairieyaounde2.cm\/wp-content\/uploads\/2026\/01\/601919221_1171809408463367_3247155122602002399_n-225x300.jpg 225w, https:\/\/mairieyaounde2.cm\/wp-content\/uploads\/2026\/01\/601919221_1171809408463367_3247155122602002399_n-450x600.jpg 450w, https:\/\/mairieyaounde2.cm\/wp-content\/uploads\/2026\/01\/601919221_1171809408463367_3247155122602002399_n-420x560.jpg 420w, https:\/\/mairieyaounde2.cm\/wp-content\/uploads\/2026\/01\/601919221_1171809408463367_3247155122602002399_n-600x800.jpg 600w, https:\/\/mairieyaounde2.cm\/wp-content\/uploads\/2026\/01\/601919221_1171809408463367_3247155122602002399_n.jpg 810w\" sizes=\"(max-width: 768px) 100vw, 768px\" \/>\t\t\t\t\t\t\t\t\t\t\t\t\t\t\t<\/div>\n\t\t\t\t\t<\/div>\n\t\t<\/div>\n\t\t\t\t\t<\/div>\n\t\t<\/section>\n\t\t\t\t<section class=\"elementor-section elementor-top-section elementor-element elementor-element-d023e91 elementor-section-boxed elementor-section-height-default elementor-section-height-default\" data-id=\"d023e91\" data-element_type=\"section\" data-settings=\"{&quot;background_background&quot;:&quot;classic&quot;}\">\n\t\t\t\t\t\t<div class=\"elementor-container elementor-column-gap-default\">\n\t\t\t\t\t<div class=\"elementor-column elementor-col-50 elementor-top-column elementor-element elementor-element-f702eaa\" data-id=\"f702eaa\" data-element_type=\"column\">\n\t\t\t<div class=\"elementor-widget-wrap elementor-element-populated\">\n\t\t\t\t\t\t<div class=\"elementor-element elementor-element-f240282 elementor-widget elementor-widget-ova_heading\" data-id=\"f240282\" data-element_type=\"widget\" data-widget_type=\"ova_heading.default\">\n\t\t\t\t<div class=\"elementor-widget-container\">\n\t\t\t\t\t\t\t<div class=\"ova-heading\">\n\t\t\t\n\t\t\t\t\t\t\t<h3 class=\"title second_font\">Nos casques bleus<br>\u00e0 l'oeuvre<\/h3>\n\t\t\t\n\t\t\t\t\t\t\t<p class=\"sub-title \">Rien de r\u00e9siste aux brouettes, pelles, r\u00e2teaux, de nos commandos.<\/p>\n\t\t\t\n\t\t<\/div>\n\t\t\t\t\t\t<\/div>\n\t\t\t\t<\/div>\n\t\t\t\t<div class=\"elementor-element elementor-element-90809cd elementor-widget__width-auto elementor-absolute elementor-widget elementor-widget-heading\" data-id=\"90809cd\" data-element_type=\"widget\" data-settings=\"{&quot;_position&quot;:&quot;absolute&quot;}\" data-widget_type=\"heading.default\">\n\t\t\t\t\t<h2 class=\"elementor-heading-title elementor-size-default\">03<\/h2>\t\t\t\t<\/div>\n\t\t\t\t\t<\/div>\n\t\t<\/div>\n\t\t\t\t<div class=\"elementor-column elementor-col-50 elementor-top-column elementor-element elementor-element-6c2d943\" data-id=\"6c2d943\" data-element_type=\"column\">\n\t\t\t<div class=\"elementor-widget-wrap elementor-element-populated\">\n\t\t\t\t\t\t<section class=\"elementor-section elementor-inner-section elementor-element elementor-element-07438c0 elementor-section-boxed elementor-section-height-default elementor-section-height-default\" data-id=\"07438c0\" data-element_type=\"section\">\n\t\t\t\t\t\t<div class=\"elementor-container elementor-column-gap-default\">\n\t\t\t\t\t<div class=\"elementor-column elementor-col-33 elementor-inner-column elementor-element elementor-element-a566377\" data-id=\"a566377\" data-element_type=\"column\">\n\t\t\t<div class=\"elementor-widget-wrap elementor-element-populated\">\n\t\t\t\t\t\t<div class=\"elementor-element elementor-element-a070db1 elementor-widget elementor-widget-image\" data-id=\"a070db1\" data-element_type=\"widget\" data-widget_type=\"image.default\">\n\t\t\t\t\t\t\t\t\t\t\t\t\t\t\t<img decoding=\"async\" width=\"768\" height=\"1024\" src=\"https:\/\/mairieyaounde2.cm\/wp-content\/uploads\/2026\/01\/605541090_1174587838185524_2177428494528178504_n-768x1024.jpg\" class=\"attachment-large size-large wp-image-6302\" alt=\"\" srcset=\"https:\/\/mairieyaounde2.cm\/wp-content\/uploads\/2026\/01\/605541090_1174587838185524_2177428494528178504_n-768x1024.jpg 768w, https:\/\/mairieyaounde2.cm\/wp-content\/uploads\/2026\/01\/605541090_1174587838185524_2177428494528178504_n-225x300.jpg 225w, https:\/\/mairieyaounde2.cm\/wp-content\/uploads\/2026\/01\/605541090_1174587838185524_2177428494528178504_n-1152x1536.jpg 1152w, https:\/\/mairieyaounde2.cm\/wp-content\/uploads\/2026\/01\/605541090_1174587838185524_2177428494528178504_n-450x600.jpg 450w, https:\/\/mairieyaounde2.cm\/wp-content\/uploads\/2026\/01\/605541090_1174587838185524_2177428494528178504_n-420x560.jpg 420w, https:\/\/mairieyaounde2.cm\/wp-content\/uploads\/2026\/01\/605541090_1174587838185524_2177428494528178504_n-600x800.jpg 600w, https:\/\/mairieyaounde2.cm\/wp-content\/uploads\/2026\/01\/605541090_1174587838185524_2177428494528178504_n.jpg 1536w\" sizes=\"(max-width: 768px) 100vw, 768px\" \/>\t\t\t\t\t\t\t\t\t\t\t\t\t\t\t<\/div>\n\t\t\t\t\t<\/div>\n\t\t<\/div>\n\t\t\t\t<div class=\"elementor-column elementor-col-33 elementor-inner-column elementor-element elementor-element-b06e9b0\" data-id=\"b06e9b0\" data-element_type=\"column\">\n\t\t\t<div class=\"elementor-widget-wrap elementor-element-populated\">\n\t\t\t\t\t\t<div class=\"elementor-element elementor-element-7523c42 elementor-widget elementor-widget-image\" data-id=\"7523c42\" data-element_type=\"widget\" data-widget_type=\"image.default\">\n\t\t\t\t\t\t\t\t\t\t\t\t\t\t\t<img decoding=\"async\" width=\"768\" height=\"1024\" src=\"https:\/\/mairieyaounde2.cm\/wp-content\/uploads\/2026\/01\/605681250_1174040364906938_6435995477000949305_n-768x1024.jpg\" class=\"attachment-large size-large wp-image-6303\" alt=\"\" srcset=\"https:\/\/mairieyaounde2.cm\/wp-content\/uploads\/2026\/01\/605681250_1174040364906938_6435995477000949305_n-768x1024.jpg 768w, https:\/\/mairieyaounde2.cm\/wp-content\/uploads\/2026\/01\/605681250_1174040364906938_6435995477000949305_n-225x300.jpg 225w, https:\/\/mairieyaounde2.cm\/wp-content\/uploads\/2026\/01\/605681250_1174040364906938_6435995477000949305_n-1152x1536.jpg 1152w, https:\/\/mairieyaounde2.cm\/wp-content\/uploads\/2026\/01\/605681250_1174040364906938_6435995477000949305_n-450x600.jpg 450w, https:\/\/mairieyaounde2.cm\/wp-content\/uploads\/2026\/01\/605681250_1174040364906938_6435995477000949305_n-420x560.jpg 420w, https:\/\/mairieyaounde2.cm\/wp-content\/uploads\/2026\/01\/605681250_1174040364906938_6435995477000949305_n-600x800.jpg 600w, https:\/\/mairieyaounde2.cm\/wp-content\/uploads\/2026\/01\/605681250_1174040364906938_6435995477000949305_n.jpg 1536w\" sizes=\"(max-width: 768px) 100vw, 768px\" \/>\t\t\t\t\t\t\t\t\t\t\t\t\t\t\t<\/div>\n\t\t\t\t\t<\/div>\n\t\t<\/div>\n\t\t\t\t<div class=\"elementor-column elementor-col-33 elementor-inner-column elementor-element elementor-element-786978f\" data-id=\"786978f\" data-element_type=\"column\">\n\t\t\t<div class=\"elementor-widget-wrap elementor-element-populated\">\n\t\t\t\t\t\t<div class=\"elementor-element elementor-element-d4fb5ec elementor-widget elementor-widget-image\" data-id=\"d4fb5ec\" data-element_type=\"widget\" data-widget_type=\"image.default\">\n\t\t\t\t\t\t\t\t\t\t\t\t\t\t\t<img loading=\"lazy\" decoding=\"async\" width=\"768\" height=\"1024\" src=\"https:\/\/mairieyaounde2.cm\/wp-content\/uploads\/2026\/01\/605988014_1174587904852184_2515013803943079304_n-768x1024.jpg\" class=\"attachment-large size-large wp-image-6304\" alt=\"\" srcset=\"https:\/\/mairieyaounde2.cm\/wp-content\/uploads\/2026\/01\/605988014_1174587904852184_2515013803943079304_n-768x1024.jpg 768w, https:\/\/mairieyaounde2.cm\/wp-content\/uploads\/2026\/01\/605988014_1174587904852184_2515013803943079304_n-225x300.jpg 225w, https:\/\/mairieyaounde2.cm\/wp-content\/uploads\/2026\/01\/605988014_1174587904852184_2515013803943079304_n-1152x1536.jpg 1152w, https:\/\/mairieyaounde2.cm\/wp-content\/uploads\/2026\/01\/605988014_1174587904852184_2515013803943079304_n-450x600.jpg 450w, https:\/\/mairieyaounde2.cm\/wp-content\/uploads\/2026\/01\/605988014_1174587904852184_2515013803943079304_n-420x560.jpg 420w, https:\/\/mairieyaounde2.cm\/wp-content\/uploads\/2026\/01\/605988014_1174587904852184_2515013803943079304_n-600x800.jpg 600w, https:\/\/mairieyaounde2.cm\/wp-content\/uploads\/2026\/01\/605988014_1174587904852184_2515013803943079304_n.jpg 1536w\" sizes=\"(max-width: 768px) 100vw, 768px\" \/>\t\t\t\t\t\t\t\t\t\t\t\t\t\t\t<\/div>\n\t\t\t\t\t<\/div>\n\t\t<\/div>\n\t\t\t\t\t<\/div>\n\t\t<\/section>\n\t\t\t\t\t<\/div>\n\t\t<\/div>\n\t\t\t\t\t<\/div>\n\t\t<\/section>\n\t\t\t\t<section class=\"elementor-section elementor-top-section elementor-element elementor-element-6936259 elementor-section-full_width elementor-section-height-default elementor-section-height-default\" data-id=\"6936259\" data-element_type=\"section\" data-settings=\"{&quot;background_background&quot;:&quot;classic&quot;}\">\n\t\t\t\t\t\t<div class=\"elementor-container elementor-column-gap-default\">\n\t\t\t\t\t<div class=\"elementor-column elementor-col-100 elementor-top-column elementor-element elementor-element-179e4a3\" data-id=\"179e4a3\" data-element_type=\"column\" data-settings=\"{&quot;background_background&quot;:&quot;classic&quot;}\">\n\t\t\t<div class=\"elementor-widget-wrap elementor-element-populated\">\n\t\t\t\t\t\t<div class=\"elementor-element elementor-element-01b7782 elementor-widget elementor-widget-ova_heading\" data-id=\"01b7782\" data-element_type=\"widget\" data-widget_type=\"ova_heading.default\">\n\t\t\t\t<div class=\"elementor-widget-container\">\n\t\t\t\t\t\t\t<div class=\"ova-heading\">\n\t\t\t\n\t\t\t\t\t\t\t<h3 class=\"title second_font\">La cit\u00e9 aux 04 collines<\/h3>\n\t\t\t\n\t\t\t\t\t\t\t<p class=\"sub-title \">Le visage resplendissant de la Commune<\/p>\n\t\t\t\n\t\t<\/div>\n\t\t\t\t\t\t<\/div>\n\t\t\t\t<\/div>\n\t\t\t\t\t<\/div>\n\t\t<\/div>\n\t\t\t\t\t<\/div>\n\t\t<\/section>\n\t\t\t\t<section class=\"elementor-section elementor-top-section elementor-element elementor-element-1ea894b elementor-section-boxed elementor-section-height-default elementor-section-height-default\" data-id=\"1ea894b\" data-element_type=\"section\">\n\t\t\t\t\t\t<div class=\"elementor-container elementor-column-gap-default\">\n\t\t\t\t\t<div class=\"elementor-column elementor-col-100 elementor-top-column elementor-element elementor-element-cfaa2c5\" data-id=\"cfaa2c5\" data-element_type=\"column\">\n\t\t\t<div class=\"elementor-widget-wrap elementor-element-populated\">\n\t\t\t\t\t\t<div class=\"elementor-element elementor-element-16cdc58 elementor-widget elementor-widget-ova_heading\" data-id=\"16cdc58\" data-element_type=\"widget\" data-widget_type=\"ova_heading.default\">\n\t\t\t\t<div class=\"elementor-widget-container\">\n\t\t\t\t\t\t\t<div class=\"ova-heading\">\n\t\t\t\n\t\t\t\t\t\t\t<h3 class=\"title second_font\">Annonces &amp; \u00e9v\u00e8nements<\/h3>\n\t\t\t\n\t\t\t\t\t\t\t<p class=\"sub-title \">Restez inform\u00e9s !<\/p>\n\t\t\t\n\t\t<\/div>\n\t\t\t\t\t\t<\/div>\n\t\t\t\t<\/div>\n\t\t\t\t<section class=\"elementor-section elementor-inner-section elementor-element elementor-element-f968e54 elementor-section-boxed elementor-section-height-default elementor-section-height-default\" data-id=\"f968e54\" data-element_type=\"section\">\n\t\t\t\t\t\t<div class=\"elementor-container elementor-column-gap-default\">\n\t\t\t\t\t<div class=\"elementor-column elementor-col-50 elementor-inner-column elementor-element elementor-element-2a0e6e8\" data-id=\"2a0e6e8\" data-element_type=\"column\">\n\t\t\t<div class=\"elementor-widget-wrap elementor-element-populated\">\n\t\t\t\t\t\t<div class=\"elementor-element elementor-element-d864311 elementor-widget elementor-widget-ova_blog\" data-id=\"d864311\" data-element_type=\"widget\" data-widget_type=\"ova_blog.default\">\n\t\t\t\t<div class=\"elementor-widget-container\">\n\t\t\t\t\t\n\t\t<div class=\"ova-blog blog-grid grid_sidebar\">\n\t\t\t<div class=\"ova-wrap-grid\">\n\t\t\t\t\t\t\t<article class=\"post-wrap\">\n\t\t\t\t\t<div class=\"wrap-article\">\n\t\t\t\t\t\t<div class=\"post-media\">\n\t\t\t\t\t\t\t\t\t\t\t\t\t\t\t<a href=\"https:\/\/mairieyaounde2.cm\/?p=6544\">\n\n\t\t\t\t\t\t\t\t\t<img decoding=\"async\" alt=\"Yaound\u00e9 II en Effervescence :Une Jeunesse Unie et Engag\u00e9e pour l&#8217;Avenir de la R\u00e9publique\" src=\"https:\/\/mairieyaounde2.cm\/wp-content\/uploads\/2026\/03\/WhatsApp-Image-2026-02-20-at-07.59.51-560x315.jpeg\" \n\t\t\t\t\t\t\t\t\t\t\t\n\t\t\t\t\t\t\t\t\t\t\tsrcset=\"https:\/\/mairieyaounde2.cm\/wp-content\/uploads\/2026\/03\/WhatsApp-Image-2026-02-20-at-07.59.51-560x315.jpeg 560w,\n\t\t\t\t\t\t\t\t\t\t\thttps:\/\/mairieyaounde2.cm\/wp-content\/uploads\/2026\/03\/WhatsApp-Image-2026-02-20-at-07.59.51-300x169.jpeg 300w\" \n\t\t\t\t\t\t\t\t\t\t\tsizes=\"(max-width: 767px) 100vw, 560px\" >\n\t\t\t\t\t\t\t\t<\/a>\n\t\t\t\t\t\t\t\t\t\t\t\t\t<\/div>\n\t\t\t\t\t\t<div class=\"evgovt-content\">\n\t\t\t\t\t\t\t\t\t\t\t\t\t\t<div class=\"post-meta-date\">\n\t\t\t\t\t\t\t\t<span class=\"post-meta-content-date\">\n\t\t\t\t\t\t\t\t    <span class=\" post-date\">\n\t\t\t\t\t\t\t\t        <span class=\"right second_font\">18 March 2026<\/span>\n\t\t\t\t\t\t\t\t    <\/span>\n\t\t\t\t\t\t\t\t<\/span>\n\t\t\t\t\t\t\t<\/div>\n\t\t\t\t\t\t\t\n\t\t\t\t\t\t\t\t\t\t\t\t\t\t<div class=\"post-meta-grid\">\n\t\t\t\t\t\t\t\t<span class=\"post-meta-content-grid\">\n\t\t\t\t\t\t\t\t    \t\t\t\t\t\t\t\t    \t<span class=\"wp-categories\">\n\t\t\t\t\t\t\t\t    \t\t\t\t\t\t\t\t\t\t    \t\t\t<span class=\"slash ova-meta-general\">\n\t\t\t\t\t\t\t\t    \t\t\t\tIn\t\t\t\t\t\t\t\t    \t\t\t<\/span>\n\t\t\t\t\t\t\t\t    \t\t\t\t\t\t\t\t\t\t\t\t    <span class=\" categories\">\n\t\t\t\t\t\t\t\t\t\t        <span class=\"right\"><a href=\"https:\/\/mairieyaounde2.cm\/?cat=19\" rel=\"category\">Devlopement<\/a><\/span><!-- end right -->             \n\t\t\t\t\t\t\t\t\t\t    <\/span><!-- end categories -->\n\t\t\t\t\t\t\t\t    \t<\/span><!-- end wp-category -->\n\t\t\t\t\t\t\t\t\t\n\t\t\t\t\t\t\t\t    <span class=\" comment\">\n\t\t\t\t\t\t\t\t        <span class=\"right\">\n\t\t\t\t\t\t\t\t        \t<i data-feather=\"message-square\"><\/i>\n\t\t\t\t\t\t\t\t            <a href=\"https:\/\/mairieyaounde2.cm\/?p=6544#respond\"> 0<\/a>\t\t\t\t\t\t\t\t        <\/span>                \n\t\t\t\t\t\t\t\t    <\/span>\n\n\t\t\t\t\t\t\t\t<\/span>\n\t\t\t\t\t\t\t<\/div>\n\t\t\t\t\t\t\t\t\t\t\t\t\t\t\t\t\t\t\t\t\t<div class=\"post-title\">\n\t\t\t\t\t\t\t\t<a href=\"https:\/\/mairieyaounde2.cm\/?p=6544\" rel=\"bookmark\" title=\"Yaound\u00e9 II en Effervescence :Une Jeunesse Unie et Engag\u00e9e pour l&#8217;Avenir de la R\u00e9publique\">\n\t\t\t\t\t\t\t\t\t<h2 class=\"post-title\">Yaound\u00e9 II en Effervescence :Une Jeunesse Unie et Engag\u00e9e pour l&#8217;Avenir de la R\u00e9publique<\/h2>\n\t\t\t\t\t\t\t    <\/a>\n\t\t\t\t\t\t\t<\/div>\n\t\t\t\t\t\t\t\t\t\t\t\t\t\t\t\t\t\t\t\t\t\t\t\t\t\t\t\t<div class=\"post-footer\">\n\t\t\t\t\t\t\t\t<div class=\"egovt-post-readmore\">\n\t\t\t\t\t\t\t\t    <a class=\"btn-readmore second_font\" href=\"https:\/\/mairieyaounde2.cm\/?p=6544\">\n\t\t\t\t\t\t\t\t    \tContinue Reading\t\t\t\t\t\t\t\t    \t<i data-feather=\"arrow-right\"><\/i>\n\t\t\t\t\t\t\t\t    <\/a>\n\t\t\t\t\t\t\t\t<\/div>\n\t\t\t\t\t\t\t<\/div>\n\t\t\t\t\t\t\t\t\t\t\t\t\t<\/div>\n\t\t\t\t\t<\/div>\n\t\t\t\t<\/article>\n\t\t\t\t\t\t\t<article class=\"post-wrap\">\n\t\t\t\t\t<div class=\"wrap-article\">\n\t\t\t\t\t\t<div class=\"post-media\">\n\t\t\t\t\t\t\t\t\t\t\t\t\t\t\t<a href=\"https:\/\/mairieyaounde2.cm\/?p=6525\">\n\n\t\t\t\t\t\t\t\t\t<img decoding=\"async\" alt=\"Le Maire de Yaound\u00e9 2 c\u00e9l\u00e8bre la femme au c\u0153ur du d\u00e9veloppement\" src=\"https:\/\/mairieyaounde2.cm\/wp-content\/uploads\/2026\/03\/WhatsApp-I2-560x373.jpeg\" \n\t\t\t\t\t\t\t\t\t\t\t\n\t\t\t\t\t\t\t\t\t\t\tsrcset=\"https:\/\/mairieyaounde2.cm\/wp-content\/uploads\/2026\/03\/WhatsApp-I2-560x373.jpeg 560w,\n\t\t\t\t\t\t\t\t\t\t\thttps:\/\/mairieyaounde2.cm\/wp-content\/uploads\/2026\/03\/WhatsApp-I2-300x200.jpeg 300w\" \n\t\t\t\t\t\t\t\t\t\t\tsizes=\"(max-width: 767px) 100vw, 560px\" >\n\t\t\t\t\t\t\t\t<\/a>\n\t\t\t\t\t\t\t\t\t\t\t\t\t<\/div>\n\t\t\t\t\t\t<div class=\"evgovt-content\">\n\t\t\t\t\t\t\t\t\t\t\t\t\t\t<div class=\"post-meta-date\">\n\t\t\t\t\t\t\t\t<span class=\"post-meta-content-date\">\n\t\t\t\t\t\t\t\t    <span class=\" post-date\">\n\t\t\t\t\t\t\t\t        <span class=\"right second_font\">16 March 2026<\/span>\n\t\t\t\t\t\t\t\t    <\/span>\n\t\t\t\t\t\t\t\t<\/span>\n\t\t\t\t\t\t\t<\/div>\n\t\t\t\t\t\t\t\n\t\t\t\t\t\t\t\t\t\t\t\t\t\t<div class=\"post-meta-grid\">\n\t\t\t\t\t\t\t\t<span class=\"post-meta-content-grid\">\n\t\t\t\t\t\t\t\t    \t\t\t\t\t\t\t\t    \t<span class=\"wp-categories\">\n\t\t\t\t\t\t\t\t    \t\t\t\t\t\t\t\t\t\t    \t\t\t<span class=\"slash ova-meta-general\">\n\t\t\t\t\t\t\t\t    \t\t\t\tIn\t\t\t\t\t\t\t\t    \t\t\t<\/span>\n\t\t\t\t\t\t\t\t    \t\t\t\t\t\t\t\t\t\t\t\t    <span class=\" categories\">\n\t\t\t\t\t\t\t\t\t\t        <span class=\"right\"><a href=\"https:\/\/mairieyaounde2.cm\/?cat=19\" rel=\"category\">Devlopement<\/a><\/span><!-- end right -->             \n\t\t\t\t\t\t\t\t\t\t    <\/span><!-- end categories -->\n\t\t\t\t\t\t\t\t    \t<\/span><!-- end wp-category -->\n\t\t\t\t\t\t\t\t\t\n\t\t\t\t\t\t\t\t    <span class=\" comment\">\n\t\t\t\t\t\t\t\t        <span class=\"right\">\n\t\t\t\t\t\t\t\t        \t<i data-feather=\"message-square\"><\/i>\n\t\t\t\t\t\t\t\t            <a href=\"https:\/\/mairieyaounde2.cm\/?p=6525#respond\"> 0<\/a>\t\t\t\t\t\t\t\t        <\/span>                \n\t\t\t\t\t\t\t\t    <\/span>\n\n\t\t\t\t\t\t\t\t<\/span>\n\t\t\t\t\t\t\t<\/div>\n\t\t\t\t\t\t\t\t\t\t\t\t\t\t\t\t\t\t\t\t\t<div class=\"post-title\">\n\t\t\t\t\t\t\t\t<a href=\"https:\/\/mairieyaounde2.cm\/?p=6525\" rel=\"bookmark\" title=\"Le Maire de Yaound\u00e9 2 c\u00e9l\u00e8bre la femme au c\u0153ur du d\u00e9veloppement\">\n\t\t\t\t\t\t\t\t\t<h2 class=\"post-title\">Le Maire de Yaound\u00e9 2 c\u00e9l\u00e8bre la femme au c\u0153ur du d\u00e9veloppement<\/h2>\n\t\t\t\t\t\t\t    <\/a>\n\t\t\t\t\t\t\t<\/div>\n\t\t\t\t\t\t\t\t\t\t\t\t\t\t\t\t\t\t\t\t\t\t\t\t\t\t\t\t<div class=\"post-footer\">\n\t\t\t\t\t\t\t\t<div class=\"egovt-post-readmore\">\n\t\t\t\t\t\t\t\t    <a class=\"btn-readmore second_font\" href=\"https:\/\/mairieyaounde2.cm\/?p=6525\">\n\t\t\t\t\t\t\t\t    \tContinue Reading\t\t\t\t\t\t\t\t    \t<i data-feather=\"arrow-right\"><\/i>\n\t\t\t\t\t\t\t\t    <\/a>\n\t\t\t\t\t\t\t\t<\/div>\n\t\t\t\t\t\t\t<\/div>\n\t\t\t\t\t\t\t\t\t\t\t\t\t<\/div>\n\t\t\t\t\t<\/div>\n\t\t\t\t<\/article>\n\t\t\t\t\t\t<\/div>\n\t\t<\/div>\n\t\t\t\t\t\t<\/div>\n\t\t\t\t<\/div>\n\t\t\t\t\t<\/div>\n\t\t<\/div>\n\t\t\t\t<div class=\"elementor-column elementor-col-50 elementor-inner-column elementor-element elementor-element-fa45dba\" data-id=\"fa45dba\" data-element_type=\"column\">\n\t\t\t<div class=\"elementor-widget-wrap elementor-element-populated\">\n\t\t\t\t\t\t<div class=\"elementor-element elementor-element-ec80591 elementor-widget elementor-widget-ova_events_cat\" data-id=\"ec80591\" data-element_type=\"widget\" data-widget_type=\"ova_events_cat.default\">\n\t\t\t\t<div class=\"elementor-widget-container\">\n\t\t\t\t\t\n<div class=\"ovaev-event-element version_1\">\n\t\t\t<h2 class=\"title-event\">\n\t\t\tEv\u00e8nement \u00e0 venir\t\t<\/h2>\n\t\t\t<div class=\"item\">\n\t\t\t\t\t<h3 class=\"title\">\n\t\t\t\t<a class=\"second_font\" href=\"https:\/\/mairieyaounde2.cm\/?event=annual-cycling-race-2020-for-the-covid-19-donation\">\n\t\t\t\t\tThe Strategically Build Your Business\t\t\t\t<\/a>\n\t\t\t<\/h3>\n\t\t\t\t\t\t\t<div class=\"time-event\">\n\t\t\t\t\t\t\t\t\t<div class=\"time\">\n\t\t\t\t\t\t\t\t\t\t\t\t\t\t\t\t\t\t\t\t\t<span>\n\t\t\t\t\t\t\t\t\t2 January 2021 @ 15h00 - 19h00\t\t\t\t\t\t\t\t<\/span>\n\t\t\t\t\t\t\t\t\t\t\t\t\t\t\t\t\t\t<\/div>\n\t\t\t\t\t\t\t<\/div>\n\t\t\t<\/div>\n<\/div>\t\t\t\t<\/div>\n\t\t\t\t<\/div>\n\t\t\t\t\t<\/div>\n\t\t<\/div>\n\t\t\t\t\t<\/div>\n\t\t<\/section>\n\t\t\t\t\t<\/div>\n\t\t<\/div>\n\t\t\t\t\t<\/div>\n\t\t<\/section>\n\t\t\t\t<\/div>\n\t\t","protected":false},"excerpt":{"rendered":"<p>Propret\u00e9 dans la municipalit\u00e9 Notre municipalit\u00e9 fait de la propret\u00e9 une priorit\u00e9 quotidienne. Au-del\u00e0 de l&#8217;entretien r\u00e9gulier, nous d\u00e9ployons des projets structurants pour un cadre de vie plus agr\u00e9able, plus sain et plus respectueux de l&#8217;environnement. Nettoyage des caniveaux, d\u00e9sherbage, balayage de la chauss\u00e9e, ramassage d&#8217;ordures, tous les moyens sont mis \u00e0 contribution pour rendre [&hellip;]<\/p>\n","protected":false},"author":1,"featured_media":6349,"parent":0,"menu_order":0,"comment_status":"closed","ping_status":"closed","template":"elementor_header_footer","meta":{"give_campaign_id":0,"footnotes":""},"class_list":["post-6204","page","type-page","status-publish","has-post-thumbnail","hentry"],"campaignId":"","_links":{"self":[{"href":"https:\/\/mairieyaounde2.cm\/index.php?rest_route=\/wp\/v2\/pages\/6204","targetHints":{"allow":["GET"]}}],"collection":[{"href":"https:\/\/mairieyaounde2.cm\/index.php?rest_route=\/wp\/v2\/pages"}],"about":[{"href":"https:\/\/mairieyaounde2.cm\/index.php?rest_route=\/wp\/v2\/types\/page"}],"author":[{"embeddable":true,"href":"https:\/\/mairieyaounde2.cm\/index.php?rest_route=\/wp\/v2\/users\/1"}],"replies":[{"embeddable":true,"href":"https:\/\/mairieyaounde2.cm\/index.php?rest_route=%2Fwp%2Fv2%2Fcomments&post=6204"}],"version-history":[{"count":31,"href":"https:\/\/mairieyaounde2.cm\/index.php?rest_route=\/wp\/v2\/pages\/6204\/revisions"}],"predecessor-version":[{"id":6346,"href":"https:\/\/mairieyaounde2.cm\/index.php?rest_route=\/wp\/v2\/pages\/6204\/revisions\/6346"}],"wp:featuredmedia":[{"embeddable":true,"href":"https:\/\/mairieyaounde2.cm\/index.php?rest_route=\/wp\/v2\/media\/6349"}],"wp:attachment":[{"href":"https:\/\/mairieyaounde2.cm\/index.php?rest_route=%2Fwp%2Fv2%2Fmedia&parent=6204"}],"curies":[{"name":"wp","href":"https:\/\/api.w.org\/{rel}","templated":true}]}}